{"id":265,"date":"2026-03-24T18:18:35","date_gmt":"2026-03-24T18:18:35","guid":{"rendered":"https:\/\/novagennix.com\/newpage\/?page_id=265"},"modified":"2026-04-16T23:05:44","modified_gmt":"2026-04-16T23:05:44","slug":"novalife-pre-pro-postbiotics","status":"publish","type":"page","link":"https:\/\/novagennix.com\/es_es\/novalife-pre-pro-postbiotics\/","title":{"rendered":"NovaLife Pre + Pro + Postbiotics"},"content":{"rendered":"\n<div class=\"wp-block-stackable-feature stk-block-feature stk-block stk-d1b3f06 is-style-default\" data-v=\"2\" data-block-id=\"d1b3f06\"><style>.stk-d1b3f06 {--stk-feature-flex-wrap:nowrap !important;}<\/style><div class=\"stk-content-align stk-d1b3f06-column stk-container stk-d1b3f06-container stk--no-background stk--no-padding\"><div class=\"stk-inner-blocks stk-block-content stk-row\">\n<div class=\"wp-block-stackable-column stk-block-column stk-column stk-block stk-d23a3f3\" data-v=\"4\" data-block-id=\"d23a3f3\"><style>.stk-d23a3f3 {align-self:center !important;}<\/style><div class=\"stk-column-wrapper stk-block-column__content stk-container stk-d23a3f3-container stk--no-background stk--no-padding\"><div class=\"stk-block-content stk-inner-blocks stk-d23a3f3-inner-blocks\">\n<div class=\"wp-block-stackable-image stk-block-image stk-block stk-0fad55f\" data-block-id=\"0fad55f\"><figure><span class=\"stk-img-wrapper stk-image--shape-stretch\"><img fetchpriority=\"high\" decoding=\"async\" class=\"stk-img wp-image-138\" src=\"https:\/\/novagennix.com\/wp-content\/uploads\/2026\/03\/LIFE-1-01KCTK1DR88T9S19S3KS2W8Q2A-1.png\" width=\"2000\" height=\"2000\" srcset=\"https:\/\/novagennix.com\/wp-content\/uploads\/2026\/03\/LIFE-1-01KCTK1DR88T9S19S3KS2W8Q2A-1.png 2000w, https:\/\/novagennix.com\/wp-content\/uploads\/2026\/03\/LIFE-1-01KCTK1DR88T9S19S3KS2W8Q2A-1-300x300.png 300w, https:\/\/novagennix.com\/wp-content\/uploads\/2026\/03\/LIFE-1-01KCTK1DR88T9S19S3KS2W8Q2A-1-1024x1024.png 1024w, https:\/\/novagennix.com\/wp-content\/uploads\/2026\/03\/LIFE-1-01KCTK1DR88T9S19S3KS2W8Q2A-1-150x150.png 150w, https:\/\/novagennix.com\/wp-content\/uploads\/2026\/03\/LIFE-1-01KCTK1DR88T9S19S3KS2W8Q2A-1-768x768.png 768w, https:\/\/novagennix.com\/wp-content\/uploads\/2026\/03\/LIFE-1-01KCTK1DR88T9S19S3KS2W8Q2A-1-1536x1536.png 1536w, https:\/\/novagennix.com\/wp-content\/uploads\/2026\/03\/LIFE-1-01KCTK1DR88T9S19S3KS2W8Q2A-1-12x12.png 12w\" sizes=\"(max-width: 2000px) 100vw, 2000px\" \/><\/span><\/figure><\/div>\n<\/div><\/div><\/div>\n\n\n\n<div class=\"wp-block-stackable-column stk-block-column stk-column stk-block stk-457cadc\" data-v=\"4\" data-block-id=\"457cadc\"><style>.stk-457cadc {align-self:center !important;}<\/style><div class=\"stk-column-wrapper stk-block-column__content stk-container stk-457cadc-container stk--no-background stk--no-padding\"><div class=\"stk-block-content stk-inner-blocks stk-457cadc-inner-blocks\">\n<div class=\"wp-block-stackable-heading stk-block-heading stk-block-heading--v2 stk-block stk-15ad4fd\" id=\"nova-life-pre-pro-postbiotics\" data-block-id=\"15ad4fd\"><style>.stk-15ad4fd .stk-block-heading__text{color:#19016d !important;}<\/style><h2 class=\"stk-block-heading__text has-text-color\">NovaLife Pre + Pro + Postbiotics<\/h2><\/div>\n\n\n\n<div class=\"wp-block-columns is-layout-flex wp-container-core-columns-is-layout-28f84493 wp-block-columns-is-layout-flex\">\n<div class=\"wp-block-column is-layout-flow wp-block-column-is-layout-flow\">\n<p class=\"has-text-align-left has-text-color has-background has-link-color has-small-font-size wp-elements-90377650d254ab0078127e199f2c029c\" style=\"border-style:none;border-width:0px;border-top-left-radius:100px;border-top-right-radius:100px;border-bottom-left-radius:100px;border-bottom-right-radius:100px;color:#1e8705;background-color:#0ad10078;padding-top:0;padding-bottom:0\"><strong><strong><strong><strong><strong><strong><strong>Total Digestive Wellness<\/strong><\/strong><\/strong><\/strong><\/strong><\/strong><\/strong><\/p>\n<\/div>\n\n\n\n<div class=\"wp-block-column is-layout-flow wp-block-column-is-layout-flow\"><\/div>\n<\/div>\n\n\n\n<p><\/p>\n\n\n\n<h4 class=\"wp-block-heading has-text-color has-link-color wp-elements-669b5f5a1a9eac0fe259dc4f743dd29a\" style=\"color:#19016d\">\u00abEquilibrio que inspira calma y bienestar desde tu interior\u00bb<\/h4>\n\n\n\n<div class=\"wp-block-stackable-text stk-block-text stk-block stk-146c879\" data-block-id=\"146c879\"><p class=\"stk-block-text__text\">NovaLife combina prebi\u00f3ticos, probi\u00f3ticos y postbi\u00f3ticos, antioxidantes, fibra , y mix de vitaminas, minerales. Una formulaci\u00f3n integral y cient\u00edficamente estructurada, desarrollada con Tecnolog\u00eda Epigen\u00e9tica y Digestiva Integral para apoyar la salud digestiva y un metabolismo armonioso.<br><\/p><\/div>\n\n\n\n<h3 class=\"wp-block-heading has-text-color has-link-color wp-elements-1a809ece8bfaedcf470f620301b8c28c\" style=\"color:#19016d\">Beneficios:<\/h3>\n\n\n\n<ul class=\"wp-block-list\">\n<li>Equilibra la microbiota intestinal y respalda la funci\u00f3n inmunol\u00f3gica saludable<\/li>\n\n\n\n<li>Apoya la salud digestiva y el confort gastrointestinal<\/li>\n\n\n\n<li>Contribuye a la protecci\u00f3n celular frente al estr\u00e9s oxidativo<\/li>\n\n\n\n<li>Favorece la absorci\u00f3n eficiente de nutrientes<\/li>\n\n\n\n<li>Promueve un metabolismo armonioso y bienestar integral<\/li>\n\n\n\n<li>Respaldan la comunicaci\u00f3n saludable intestino-cerebro y la vitalidad general.<\/li>\n<\/ul>\n\n\n\n<h2 class=\"wp-block-heading has-text-color has-link-color wp-elements-f0cdd2de76a9652a9a1c89c58cce2f60\" style=\"color:#19016d\">MX$1,370.00<\/h2>\n\n\n\n<div class=\"wp-block-stackable-button-group stk-block-button-group stk-block stk-661c9ab\" data-block-id=\"661c9ab\"><div class=\"stk-row stk-inner-blocks stk-block-content stk-button-group\">\n<div class=\"wp-block-stackable-button stk-block-button stk-block stk-fab95d6\" data-block-id=\"fab95d6\"><a class=\"stk-link stk-button stk--hover-effect-darken\" href=\"https:\/\/logistica.novagennix.com:1031\/n\/iCommerce\/modules\/mod_nova_gennix\/login.jsp\"><span class=\"stk-button__inner-text\">Comprar Ahora<\/span><\/a><\/div>\n\n\n\n<div class=\"wp-block-stackable-button stk-block-button stk-block stk-30d30e2\" data-block-id=\"30d30e2\"><style>.stk-30d30e2 .stk-button{background:#060699 !important;}<\/style><a class=\"stk-link stk-button stk--hover-effect-darken\" href=\"https:\/\/logistica.novagennix.com:1031\/n\/iCommerce\/modules\/mod_nova_gennix\/login.jsp\"><span class=\"stk-button__inner-text\">\u00danete a la red NovaGennix<\/span><\/a><\/div>\n<\/div><\/div>\n<\/div><\/div><\/div>\n<\/div><\/div><\/div>\n\n\n\n<p class=\"has-text-align-center\">*Estas declaraciones no han sido evaluadas por la Administraci\u00f3n de Alimentos y Medicamentos. Estos productos no est\u00e1n destinados a diagnosticar, tratar, curar ni prevenir ninguna enfermedad.<\/p>\n\n\n\n<div style=\"height:100px\" aria-hidden=\"true\" class=\"wp-block-spacer\"><\/div>\n","protected":false},"excerpt":{"rendered":"<p>NovaLife Pre + Pro + Postbiotics Total Digestive Wellness \u00abEquilibrio que inspira calma y bienestar desde tu interior\u00bb NovaLife combina [&hellip;]<\/p>\n","protected":false},"author":1,"featured_media":0,"parent":0,"menu_order":0,"comment_status":"closed","ping_status":"closed","template":"","meta":{"_monsterinsights_skip_tracking":false,"_monsterinsights_sitenote_active":false,"_monsterinsights_sitenote_note":"","_monsterinsights_sitenote_category":0,"site-sidebar-layout":"default","site-content-layout":"","ast-site-content-layout":"default","site-content-style":"default","site-sidebar-style":"default","ast-global-header-display":"","ast-banner-title-visibility":"","ast-main-header-display":"","ast-hfb-above-header-display":"","ast-hfb-below-header-display":"","ast-hfb-mobile-header-display":"","site-post-title":"disabled","ast-breadcrumbs-content":"","ast-featured-img":"","footer-sml-layout":"","ast-disable-related-posts":"","theme-transparent-header-meta":"","adv-header-id-meta":"","stick-header-meta":"","header-above-stick-meta":"","header-main-stick-meta":"","header-below-stick-meta":"","astra-migrate-meta-layouts":"default","ast-page-background-enabled":"default","ast-page-background-meta":{"desktop":{"background-color":"var(--ast-global-color-5)","background-image":"","background-repeat":"repeat","background-position":"center center","background-size":"auto","background-attachment":"scroll","background-type":"","background-media":"","overlay-type":"","overlay-color":"","overlay-opacity":"","overlay-gradient":""},"tablet":{"background-color":"","background-image":"","background-repeat":"repeat","background-position":"center center","background-size":"auto","background-attachment":"scroll","background-type":"","background-media":"","overlay-type":"","overlay-color":"","overlay-opacity":"","overlay-gradient":""},"mobile":{"background-color":"","background-image":"","background-repeat":"repeat","background-position":"center center","background-size":"auto","background-attachment":"scroll","background-type":"","background-media":"","overlay-type":"","overlay-color":"","overlay-opacity":"","overlay-gradient":""}},"ast-content-background-meta":{"desktop":{"background-color":"var(--ast-global-color-4)","background-image":"","background-repeat":"repeat","background-position":"center center","background-size":"auto","background-attachment":"scroll","background-type":"","background-media":"","overlay-type":"","overlay-color":"","overlay-opacity":"","overlay-gradient":""},"tablet":{"background-color":"var(--ast-global-color-4)","background-image":"","background-repeat":"repeat","background-position":"center center","background-size":"auto","background-attachment":"scroll","background-type":"","background-media":"","overlay-type":"","overlay-color":"","overlay-opacity":"","overlay-gradient":""},"mobile":{"background-color":"var(--ast-global-color-4)","background-image":"","background-repeat":"repeat","background-position":"center center","background-size":"auto","background-attachment":"scroll","background-type":"","background-media":"","overlay-type":"","overlay-color":"","overlay-opacity":"","overlay-gradient":""}},"footnotes":""},"class_list":["post-265","page","type-page","status-publish","hentry"],"featured_image_urls_v2":{"full":"","thumbnail":"","medium":"","medium_large":"","large":"","1536x1536":"","2048x2048":"","trp-custom-language-flag":""},"post_excerpt_stackable_v2":"<p>NovaLife Pre + Pro + Postbiotics Total Digestive Wellness \u00abEquilibrio que inspira calma y bienestar desde tu interior\u00bb NovaLife combina prebi\u00f3ticos, probi\u00f3ticos y postbi\u00f3ticos, antioxidantes, fibra , y mix de vitaminas, minerales. Una formulaci\u00f3n integral y cient\u00edficamente estructurada, desarrollada con Tecnolog\u00eda Epigen\u00e9tica y Digestiva Integral para apoyar la salud digestiva y un metabolismo armonioso. Beneficios: Equilibra la microbiota intestinal y respalda la funci\u00f3n inmunol\u00f3gica saludable Apoya la salud digestiva y el confort gastrointestinal Contribuye a la protecci\u00f3n celular frente al estr\u00e9s oxidativo Favorece la absorci\u00f3n eficiente de nutrientes Promueve un metabolismo armonioso y bienestar integral Respaldan la comunicaci\u00f3n saludable intestino-cerebro&hellip;<\/p>\n","category_list_v2":"","author_info_v2":{"name":"pm3l6","url":"https:\/\/novagennix.com\/es_es\/author\/pm3l6\/"},"comments_num_v2":"0 comentarios","_links":{"self":[{"href":"https:\/\/novagennix.com\/es_es\/wp-json\/wp\/v2\/pages\/265","targetHints":{"allow":["GET"]}}],"collection":[{"href":"https:\/\/novagennix.com\/es_es\/wp-json\/wp\/v2\/pages"}],"about":[{"href":"https:\/\/novagennix.com\/es_es\/wp-json\/wp\/v2\/types\/page"}],"author":[{"embeddable":true,"href":"https:\/\/novagennix.com\/es_es\/wp-json\/wp\/v2\/users\/1"}],"replies":[{"embeddable":true,"href":"https:\/\/novagennix.com\/es_es\/wp-json\/wp\/v2\/comments?post=265"}],"version-history":[{"count":7,"href":"https:\/\/novagennix.com\/es_es\/wp-json\/wp\/v2\/pages\/265\/revisions"}],"predecessor-version":[{"id":515,"href":"https:\/\/novagennix.com\/es_es\/wp-json\/wp\/v2\/pages\/265\/revisions\/515"}],"wp:attachment":[{"href":"https:\/\/novagennix.com\/es_es\/wp-json\/wp\/v2\/media?parent=265"}],"curies":[{"name":"wp","href":"https:\/\/api.w.org\/{rel}","templated":true}]}}