{"id":25,"date":"2026-03-21T20:07:23","date_gmt":"2026-03-21T20:07:23","guid":{"rendered":"https:\/\/novagennix.com\/newpage\/contacto\/"},"modified":"2026-03-31T16:04:02","modified_gmt":"2026-03-31T16:04:02","slug":"contacto","status":"publish","type":"page","link":"https:\/\/novagennix.com\/es_es\/contacto\/","title":{"rendered":"Contacto"},"content":{"rendered":"\n<div class=\"wp-block-cover\"><span aria-hidden=\"true\" class=\"wp-block-cover__background has-ast-global-color-4-background-color has-background-dim-100 has-background-dim\"><\/span><div class=\"wp-block-cover__inner-container is-layout-constrained wp-block-cover-is-layout-constrained\">\n<p class=\"has-text-align-center has-x-large-font-size\">Estamos aqu\u00ed para ayudarte<\/p>\n\n\n\n<p class=\"has-text-align-center\">Elige el m\u00e9todo de contacto que prefieras. Nuestro equipo estar\u00e1 encantado de atenderte.<\/p>\n\n\n\n<div class=\"wp-block-stackable-feature-grid alignwide stk-block-feature-grid stk-block-columns stk-block stk-8f6040b is-style-default\" data-block-id=\"8f6040b\"><div class=\"stk-row stk-inner-blocks has-text-align-center stk-block-content stk-content-align stk-8f6040b-column alignwide\">\n<div class=\"wp-block-stackable-column stk-block-column stk-column stk-block stk-10124c9\" data-v=\"4\" data-block-id=\"10124c9\"><div class=\"stk-column-wrapper stk-block-column__content stk-container stk-10124c9-container stk-hover-parent\"><div class=\"stk-block-content stk-inner-blocks stk-10124c9-inner-blocks\">\n<div class=\"wp-block-stackable-image stk-block-image stk-block stk-6df1dd8\" data-block-id=\"6df1dd8\"><style>.stk-6df1dd8 .stk-img-wrapper{width:198px !important;}<\/style><figure><span class=\"stk-img-wrapper stk-image--shape-stretch\"><img decoding=\"async\" class=\"stk-img wp-image-177\" src=\"https:\/\/novagennix.com\/wp-content\/uploads\/2026\/03\/Captura-de-pantalla-2026-03-23-a-las-5.23.00-p.m.png\" width=\"198\" height=\"190\" srcset=\"https:\/\/novagennix.com\/wp-content\/uploads\/2026\/03\/Captura-de-pantalla-2026-03-23-a-las-5.23.00-p.m.png 198w, https:\/\/novagennix.com\/wp-content\/uploads\/2026\/03\/Captura-de-pantalla-2026-03-23-a-las-5.23.00-p.m-13x12.png 13w\" sizes=\"(max-width: 198px) 100vw, 198px\" \/><\/span><\/figure><\/div>\n\n\n\n<div class=\"wp-block-stackable-heading stk-block-heading stk-block-heading--v2 stk-block stk-b1d305b\" id=\"strong-whats-app-strong\" data-block-id=\"b1d305b\"><h3 class=\"stk-block-heading__text\"><strong>WhatsApp<\/strong><\/h3><\/div>\n\n\n\n<div class=\"wp-block-stackable-text stk-block-text stk-block stk-fc7ba75\" data-block-id=\"fc7ba75\"><p class=\"stk-block-text__text\">Env\u00edanos un mensaje directo<\/p><\/div>\n\n\n\n<div class=\"wp-block-stackable-button-group stk-block-button-group stk-block stk-7e5428d\" data-block-id=\"7e5428d\"><div class=\"stk-row stk-inner-blocks stk-block-content stk-button-group\">\n<div class=\"wp-block-stackable-button stk-block-button is-style-plain stk-block stk-acba5ec\" data-block-id=\"acba5ec\"><style>.stk-acba5ec .stk-button{background:transparent !important;}<\/style><a class=\"stk-link stk-button stk--hover-effect-darken\" href=\"https:\/\/api.whatsapp.com\/send?phone=527227961886&amp;text=Hola,%20quiero%20conocer%20m%C3%A1s\" target=\"_blank\" rel=\"noreferrer noopener\"><span class=\"stk-button__inner-text\">Chatear ahora<\/span><\/a><\/div>\n<\/div><\/div>\n<\/div><\/div><\/div>\n\n\n\n<div class=\"wp-block-stackable-column stk-block-column stk-column stk-block stk-80df1ab\" data-v=\"4\" data-block-id=\"80df1ab\"><div class=\"stk-column-wrapper stk-block-column__content stk-container stk-80df1ab-container stk-hover-parent\"><div class=\"stk-block-content stk-inner-blocks stk-80df1ab-inner-blocks\">\n<div class=\"wp-block-stackable-image stk-block-image stk-block stk-e4fc0b0\" data-block-id=\"e4fc0b0\"><style>.stk-e4fc0b0 .stk-img-wrapper{width:180px !important;}<\/style><figure><span class=\"stk-img-wrapper stk-image--shape-stretch\"><img decoding=\"async\" class=\"stk-img wp-image-178\" src=\"https:\/\/novagennix.com\/wp-content\/uploads\/2026\/03\/Captura-de-pantalla-2026-03-23-a-las-5.23.05-p.m.png\" width=\"180\" height=\"176\" srcset=\"https:\/\/novagennix.com\/wp-content\/uploads\/2026\/03\/Captura-de-pantalla-2026-03-23-a-las-5.23.05-p.m.png 180w, https:\/\/novagennix.com\/wp-content\/uploads\/2026\/03\/Captura-de-pantalla-2026-03-23-a-las-5.23.05-p.m-12x12.png 12w\" sizes=\"(max-width: 180px) 100vw, 180px\" \/><\/span><\/figure><\/div>\n\n\n\n<div class=\"wp-block-stackable-heading stk-block-heading stk-block-heading--v2 stk-block stk-7853b16\" id=\"telefono\" data-block-id=\"7853b16\"><style>.stk-7853b16 {margin-bottom:36px !important;}<\/style><h3 class=\"stk-block-heading__text\">Tel\u00e9fono<\/h3><\/div>\n\n\n\n<div class=\"wp-block-stackable-text stk-block-text stk-block stk-30b8190\" data-block-id=\"30b8190\"><p class=\"stk-block-text__text\">Ll\u00e1manos directamente<\/p><\/div>\n\n\n\n<div class=\"wp-block-stackable-button-group stk-block-button-group stk-block stk-9bdd3b3\" data-block-id=\"9bdd3b3\"><div class=\"stk-row stk-inner-blocks stk-block-content stk-button-group\">\n<div class=\"wp-block-stackable-button stk-block-button is-style-plain stk-block stk-877983f\" data-block-id=\"877983f\"><style>.stk-877983f .stk-button{background:transparent !important;}<\/style><a class=\"stk-link stk-button stk--hover-effect-darken\" href=\"tel:+18883609857\" target=\"_blank\" rel=\"noreferrer noopener\"><span class=\"stk-button__inner-text\">Llamar + 1 888 360 9857<\/span><\/a><\/div>\n<\/div><\/div>\n<\/div><\/div><\/div>\n\n\n\n<div class=\"wp-block-stackable-column stk-block-column stk-column stk-block stk-cf9075b\" data-v=\"4\" data-block-id=\"cf9075b\"><div class=\"stk-column-wrapper stk-block-column__content stk-container stk-cf9075b-container stk-hover-parent\"><div class=\"stk-block-content stk-inner-blocks stk-cf9075b-inner-blocks\">\n<div class=\"wp-block-stackable-image stk-block-image stk-block stk-206c8a3\" data-block-id=\"206c8a3\"><style>.stk-206c8a3 .stk-img-wrapper{width:162px !important;}<\/style><figure><span class=\"stk-img-wrapper stk-image--shape-stretch\"><img decoding=\"async\" class=\"stk-img wp-image-179\" src=\"https:\/\/novagennix.com\/wp-content\/uploads\/2026\/03\/Captura-de-pantalla-2026-03-23-a-las-5.23.11-p.m.png\" width=\"162\" height=\"162\" srcset=\"https:\/\/novagennix.com\/wp-content\/uploads\/2026\/03\/Captura-de-pantalla-2026-03-23-a-las-5.23.11-p.m.png 162w, https:\/\/novagennix.com\/wp-content\/uploads\/2026\/03\/Captura-de-pantalla-2026-03-23-a-las-5.23.11-p.m-150x150.png 150w, https:\/\/novagennix.com\/wp-content\/uploads\/2026\/03\/Captura-de-pantalla-2026-03-23-a-las-5.23.11-p.m-12x12.png 12w\" sizes=\"(max-width: 162px) 100vw, 162px\" \/><\/span><\/figure><\/div>\n\n\n\n<div class=\"wp-block-stackable-heading stk-block-heading stk-block-heading--v2 stk-block stk-139440b\" id=\"correo-electronico\" data-block-id=\"139440b\"><style>.stk-139440b {margin-bottom:45px !important;}<\/style><h3 class=\"stk-block-heading__text\">Correo Electr\u00f3nico<\/h3><\/div>\n\n\n\n<div class=\"wp-block-stackable-text stk-block-text stk-block stk-cd367fd\" data-block-id=\"cd367fd\"><p class=\"stk-block-text__text\">Escr\u00edbenos tus dudas<\/p><\/div>\n\n\n\n<div class=\"wp-block-stackable-button-group stk-block-button-group stk-block stk-c99db4b\" data-block-id=\"c99db4b\"><div class=\"stk-row stk-inner-blocks stk-block-content stk-button-group\">\n<div class=\"wp-block-stackable-button stk-block-button is-style-plain stk-block stk-ef6a337\" data-block-id=\"ef6a337\"><style>.stk-ef6a337 .stk-button{background:transparent !important;}<\/style><a class=\"stk-link stk-button stk--hover-effect-darken\" href=\"https:\/\/outlook.live.com\/mail\/0\/deeplink\/compose?mailtouri=mailto%3Acontacto%40novagennix.com\" target=\"_blank\" rel=\"noreferrer noopener\"><span class=\"stk-button__inner-text\">customerservice@novaggenix.com<\/span><\/a><\/div>\n<\/div><\/div>\n<\/div><\/div><\/div>\n<\/div><\/div>\n\n\n\n<div class=\"wp-block-contact-form-7-contact-form-selector\">\n<div class=\"wpcf7 no-js\" id=\"wpcf7-f81-o1\" lang=\"es-ES\" dir=\"ltr\" data-wpcf7-id=\"81\">\n<div class=\"screen-reader-response\"><p role=\"status\" aria-live=\"polite\" aria-atomic=\"true\"><\/p> <ul><\/ul><\/div>\n<form action=\"\/es_es\/wp-json\/wp\/v2\/pages\/25#wpcf7-f81-o1\" method=\"post\" class=\"wpcf7-form init\" aria-label=\"Formulario de contacto\" novalidate=\"novalidate\" data-status=\"init\">\n<fieldset class=\"hidden-fields-container\"><input type=\"hidden\" name=\"_wpcf7\" value=\"81\" \/><input type=\"hidden\" name=\"_wpcf7_version\" value=\"6.1.5\" \/><input type=\"hidden\" name=\"_wpcf7_locale\" value=\"es_ES\" \/><input type=\"hidden\" name=\"_wpcf7_unit_tag\" value=\"wpcf7-f81-o1\" \/><input type=\"hidden\" name=\"_wpcf7_container_post\" value=\"0\" \/><input type=\"hidden\" name=\"_wpcf7_posted_data_hash\" value=\"\" \/>\n<\/fieldset>\n<p><label> Tu nombre<br \/>\n<span class=\"wpcf7-form-control-wrap\" data-name=\"your-name\"><input size=\"40\" maxlength=\"400\" class=\"wpcf7-form-control wpcf7-text wpcf7-validates-as-required\" autocomplete=\"name\" aria-required=\"true\" aria-invalid=\"false\" value=\"\" type=\"text\" name=\"your-name\" \/><\/span> <\/label>\n<\/p>\n<p><label> Tu correo electr\u00f3nico<br \/>\n<span class=\"wpcf7-form-control-wrap\" data-name=\"your-email\"><input size=\"40\" maxlength=\"400\" class=\"wpcf7-form-control wpcf7-email wpcf7-validates-as-required wpcf7-text wpcf7-validates-as-email\" autocomplete=\"email\" aria-required=\"true\" aria-invalid=\"false\" value=\"\" type=\"email\" name=\"your-email\" \/><\/span> <\/label>\n<\/p>\n<p><label> Asunto<br \/>\n<span class=\"wpcf7-form-control-wrap\" data-name=\"your-subject\"><input size=\"40\" maxlength=\"400\" class=\"wpcf7-form-control wpcf7-text wpcf7-validates-as-required\" aria-required=\"true\" aria-invalid=\"false\" value=\"\" type=\"text\" name=\"your-subject\" \/><\/span> <\/label>\n<\/p>\n<p><label> Tu mensaje (opcional)<br \/>\n<span class=\"wpcf7-form-control-wrap\" data-name=\"your-message\"><textarea cols=\"40\" rows=\"10\" maxlength=\"2000\" class=\"wpcf7-form-control wpcf7-textarea\" aria-invalid=\"false\" name=\"your-message\"><\/textarea><\/span> <\/label>\n<\/p>\n<p><input class=\"wpcf7-form-control wpcf7-submit has-spinner\" type=\"submit\" value=\"Enviar\" \/>\n<\/p><div class=\"wpcf7-response-output\" aria-hidden=\"true\"><\/div>\n<\/form>\n<\/div>\n<\/div>\n<\/div><\/div>\n\n\n\n<div class=\"inherit-container-width wp-block-group alignfull is-style-ext-preset--group--natural-1--section ext-animate--on has-background-background-color has-background is-layout-constrained wp-block-group-is-layout-constrained\" id=\"contacto\" style=\"margin-top:0;margin-bottom:0;padding-top:var(--wp--preset--spacing--70);padding-bottom:var(--wp--preset--spacing--70)\"><\/div>\n\n\n\n<p><\/p>\n","protected":false},"excerpt":{"rendered":"","protected":false},"author":1,"featured_media":0,"parent":0,"menu_order":0,"comment_status":"closed","ping_status":"closed","template":"","meta":{"_monsterinsights_skip_tracking":false,"_monsterinsights_sitenote_active":false,"_monsterinsights_sitenote_note":"","_monsterinsights_sitenote_category":0,"site-sidebar-layout":"default","site-content-layout":"","ast-site-content-layout":"default","site-content-style":"default","site-sidebar-style":"default","ast-global-header-display":"","ast-banner-title-visibility":"","ast-main-header-display":"","ast-hfb-above-header-display":"","ast-hfb-below-header-display":"","ast-hfb-mobile-header-display":"","site-post-title":"disabled","ast-breadcrumbs-content":"","ast-featured-img":"","footer-sml-layout":"","ast-disable-related-posts":"","theme-transparent-header-meta":"","adv-header-id-meta":"","stick-header-meta":"","header-above-stick-meta":"","header-main-stick-meta":"","header-below-stick-meta":"","astra-migrate-meta-layouts":"default","ast-page-background-enabled":"default","ast-page-background-meta":{"desktop":{"background-color":"var(--ast-global-color-5)","background-image":"","background-repeat":"repeat","background-position":"center center","background-size":"auto","background-attachment":"scroll","background-type":"","background-media":"","overlay-type":"","overlay-color":"","overlay-opacity":"","overlay-gradient":""},"tablet":{"background-color":"","background-image":"","background-repeat":"repeat","background-position":"center center","background-size":"auto","background-attachment":"scroll","background-type":"","background-media":"","overlay-type":"","overlay-color":"","overlay-opacity":"","overlay-gradient":""},"mobile":{"background-color":"","background-image":"","background-repeat":"repeat","background-position":"center center","background-size":"auto","background-attachment":"scroll","background-type":"","background-media":"","overlay-type":"","overlay-color":"","overlay-opacity":"","overlay-gradient":""}},"ast-content-background-meta":{"desktop":{"background-color":"var(--ast-global-color-4)","background-image":"","background-repeat":"repeat","background-position":"center center","background-size":"auto","background-attachment":"scroll","background-type":"","background-media":"","overlay-type":"","overlay-color":"","overlay-opacity":"","overlay-gradient":""},"tablet":{"background-color":"var(--ast-global-color-4)","background-image":"","background-repeat":"repeat","background-position":"center center","background-size":"auto","background-attachment":"scroll","background-type":"","background-media":"","overlay-type":"","overlay-color":"","overlay-opacity":"","overlay-gradient":""},"mobile":{"background-color":"var(--ast-global-color-4)","background-image":"","background-repeat":"repeat","background-position":"center center","background-size":"auto","background-attachment":"scroll","background-type":"","background-media":"","overlay-type":"","overlay-color":"","overlay-opacity":"","overlay-gradient":""}},"footnotes":""},"class_list":["post-25","page","type-page","status-publish","hentry"],"featured_image_urls_v2":{"full":"","thumbnail":"","medium":"","medium_large":"","large":"","1536x1536":"","2048x2048":"","trp-custom-language-flag":""},"post_excerpt_stackable_v2":"<p>Estamos aqu\u00ed para ayudarte Elige el m\u00e9todo de contacto que prefieras. Nuestro equipo estar\u00e1 encantado de atenderte. WhatsApp Env\u00edanos un mensaje directo Chatear ahora Tel\u00e9fono Ll\u00e1manos directamente Llamar + 1 888 360 9857 Correo Electr\u00f3nico Escr\u00edbenos tus dudas customerservice@novaggenix.com Tu nombre Tu correo electr\u00f3nico Asunto Tu mensaje (opcional)<\/p>\n","category_list_v2":"","author_info_v2":{"name":"pm3l6","url":"https:\/\/novagennix.com\/es_es\/author\/pm3l6\/"},"comments_num_v2":"0 comentarios","_links":{"self":[{"href":"https:\/\/novagennix.com\/es_es\/wp-json\/wp\/v2\/pages\/25","targetHints":{"allow":["GET"]}}],"collection":[{"href":"https:\/\/novagennix.com\/es_es\/wp-json\/wp\/v2\/pages"}],"about":[{"href":"https:\/\/novagennix.com\/es_es\/wp-json\/wp\/v2\/types\/page"}],"author":[{"embeddable":true,"href":"https:\/\/novagennix.com\/es_es\/wp-json\/wp\/v2\/users\/1"}],"replies":[{"embeddable":true,"href":"https:\/\/novagennix.com\/es_es\/wp-json\/wp\/v2\/comments?post=25"}],"version-history":[{"count":6,"href":"https:\/\/novagennix.com\/es_es\/wp-json\/wp\/v2\/pages\/25\/revisions"}],"predecessor-version":[{"id":462,"href":"https:\/\/novagennix.com\/es_es\/wp-json\/wp\/v2\/pages\/25\/revisions\/462"}],"wp:attachment":[{"href":"https:\/\/novagennix.com\/es_es\/wp-json\/wp\/v2\/media?parent=25"}],"curies":[{"name":"wp","href":"https:\/\/api.w.org\/{rel}","templated":true}]}}