{"id":166,"date":"2026-03-24T16:05:52","date_gmt":"2026-03-24T16:05:52","guid":{"rendered":"https:\/\/novagennix.com\/newpage\/?page_id=166"},"modified":"2026-03-24T18:49:04","modified_gmt":"2026-03-24T18:49:04","slug":"equipo-corporativo","status":"publish","type":"page","link":"https:\/\/novagennix.com\/es_es\/equipo-corporativo\/","title":{"rendered":"Equipo Corporativo"},"content":{"rendered":"\n<div class=\"wp-block-cover\"><span aria-hidden=\"true\" class=\"wp-block-cover__background has-ast-global-color-4-background-color has-background-dim-100 has-background-dim\"><\/span><div class=\"wp-block-cover__inner-container is-layout-constrained wp-block-cover-is-layout-constrained\">\n<div class=\"wp-block-columns is-layout-flex wp-container-core-columns-is-layout-28f84493 wp-block-columns-is-layout-flex\">\n<div class=\"wp-block-column is-layout-flow wp-block-column-is-layout-flow\">\n<h2 class=\"wp-block-heading has-black-color has-text-color has-link-color has-x-large-font-size wp-elements-700fb2828000349f2f9f40901f462c5a\">Nuestro Equipo<\/h2>\n\n\n\n<p>En NovaGennix contamos con un equipo corporativo comprometido con la innovaci\u00f3n, la excelencia y el crecimiento consciente. Nuestro liderazgo integra experiencia en ciencia, estrategia, desarrollo humano, emprendimiento y bienestar integral, trabajando de manera coordinada para impulsar la visi\u00f3n y expansi\u00f3n de la compa\u00f1\u00eda.<\/p>\n\n\n\n<p>Creemos en el trabajo colaborativo, en la integridad y en el prop\u00f3sito que nos une: transformar vidas a trav\u00e9s de la salud consciente y la oportunidad.<\/p>\n<\/div>\n\n\n\n<div class=\"wp-block-column is-layout-flow wp-block-column-is-layout-flow\"><\/div>\n<\/div>\n\n\n\n<div class=\"wp-block-stackable-feature-grid alignwide stk-block-feature-grid stk-block-columns stk-block stk-734b0b9 is-style-default\" data-block-id=\"734b0b9\"><div class=\"stk-row stk-inner-blocks has-text-align-center stk-block-content stk-content-align stk-734b0b9-column alignwide\">\n<div class=\"wp-block-stackable-column stk-block-column stk-column stk-block stk-6f2f9b4\" data-v=\"4\" data-block-id=\"6f2f9b4\"><div class=\"stk-column-wrapper stk-block-column__content stk-container stk-6f2f9b4-container stk-hover-parent\"><div class=\"stk-block-content stk-inner-blocks stk-6f2f9b4-inner-blocks\">\n<div class=\"wp-block-stackable-image stk-block-image stk-block stk-b9e01f3\" data-block-id=\"b9e01f3\"><style>.stk-b9e01f3 .stk-img-wrapper{width:100% !important;height:249px !important;}<\/style><figure><span class=\"stk-img-wrapper stk-image--shape-stretch\"><img fetchpriority=\"high\" decoding=\"async\" class=\"stk-img wp-image-173\" src=\"https:\/\/novagennix.com\/newpage\/wp-content\/uploads\/2026\/03\/Captura-de-pantalla-2026-03-23-a-las-5.15.17-p.m.png\" width=\"840\" height=\"686\" srcset=\"https:\/\/novagennix.com\/wp-content\/uploads\/2026\/03\/Captura-de-pantalla-2026-03-23-a-las-5.15.17-p.m.png 840w, https:\/\/novagennix.com\/wp-content\/uploads\/2026\/03\/Captura-de-pantalla-2026-03-23-a-las-5.15.17-p.m-300x245.png 300w, https:\/\/novagennix.com\/wp-content\/uploads\/2026\/03\/Captura-de-pantalla-2026-03-23-a-las-5.15.17-p.m-768x627.png 768w, https:\/\/novagennix.com\/wp-content\/uploads\/2026\/03\/Captura-de-pantalla-2026-03-23-a-las-5.15.17-p.m-15x12.png 15w\" sizes=\"(max-width: 840px) 100vw, 840px\" \/><\/span><\/figure><\/div>\n\n\n\n<div class=\"wp-block-stackable-heading stk-block-heading stk-block-heading--v2 stk-block stk-66d13cb\" id=\"jesus-roberto-martinez\" data-block-id=\"66d13cb\"><h3 class=\"stk-block-heading__text\">Jesus Roberto Mart\u00ednez<\/h3><\/div>\n\n\n\n<div class=\"wp-block-stackable-text stk-block-text stk-block stk-41d63da\" data-block-id=\"41d63da\"><p class=\"stk-block-text__text\">Co-Fundador y Chief Network Officer<\/p><\/div>\n\n\n\n<p>Con una reconocida trayectoria en la industria del mercadeo en redes y una habilidad comprobada para construir equipos de alto rendimiento, Roberto Mart\u00ednez ha formado l\u00edderes, desarrollado estructuras s\u00f3lidas y guiado a cientos de personas hacia resultados consistentes.<\/p>\n\n\n\n<p>Su visi\u00f3n estrat\u00e9gica y su capacidad de crear crecimiento colectivo se convirtieron en una pieza clave para consolidar una comunidad fuerte, consciente y enfocada en el bienestar integral. Su liderazgo impulsa hoy la expansi\u00f3n, la cultura y la solidez del proyecto.<\/p>\n<\/div><\/div><\/div>\n\n\n\n<div class=\"wp-block-stackable-column stk-block-column stk-column stk-block stk-0a4a60b\" data-v=\"4\" data-block-id=\"0a4a60b\"><div class=\"stk-column-wrapper stk-block-column__content stk-container stk-0a4a60b-container stk-hover-parent\"><div class=\"stk-block-content stk-inner-blocks stk-0a4a60b-inner-blocks\">\n<div class=\"wp-block-stackable-image stk-block-image stk-block stk-c8605bb\" data-block-id=\"c8605bb\"><figure><span class=\"stk-img-wrapper stk-image--shape-stretch\"><img decoding=\"async\" class=\"stk-img wp-image-171\" src=\"https:\/\/novagennix.com\/newpage\/wp-content\/uploads\/2026\/03\/Captura-de-pantalla-2026-03-23-a-las-5.14.11-p.m.png\" width=\"1162\" height=\"1092\" srcset=\"https:\/\/novagennix.com\/wp-content\/uploads\/2026\/03\/Captura-de-pantalla-2026-03-23-a-las-5.14.11-p.m.png 1162w, https:\/\/novagennix.com\/wp-content\/uploads\/2026\/03\/Captura-de-pantalla-2026-03-23-a-las-5.14.11-p.m-300x282.png 300w, https:\/\/novagennix.com\/wp-content\/uploads\/2026\/03\/Captura-de-pantalla-2026-03-23-a-las-5.14.11-p.m-1024x962.png 1024w, https:\/\/novagennix.com\/wp-content\/uploads\/2026\/03\/Captura-de-pantalla-2026-03-23-a-las-5.14.11-p.m-768x722.png 768w, https:\/\/novagennix.com\/wp-content\/uploads\/2026\/03\/Captura-de-pantalla-2026-03-23-a-las-5.14.11-p.m-13x12.png 13w\" sizes=\"(max-width: 1162px) 100vw, 1162px\" \/><\/span><\/figure><\/div>\n\n\n\n<div class=\"wp-block-stackable-heading stk-block-heading stk-block-heading--v2 stk-block stk-90dab6d\" id=\"eduardo-martinez-ramirez\" data-block-id=\"90dab6d\"><h3 class=\"stk-block-heading__text\">Eduardo Mart\u00ednez Ram\u00edrez<\/h3><\/div>\n\n\n\n<div class=\"wp-block-stackable-text stk-block-text stk-block stk-cf9dfda\" data-block-id=\"cf9dfda\"><p class=\"stk-block-text__text\">Co-Fundador y Chief Financial Office<\/p><\/div>\n\n\n\n<p>Empresario con un historial destacado en el \u00e1rea financiera, Eduardo desarroll\u00f3 una mirada estrat\u00e9gica \u00fanica: la capacidad de ver posibilidades donde otros solo ven obst\u00e1culos. Aport\u00f3 la estructura, la visi\u00f3n empresarial y la estrategia que permitir\u00edan que un sue\u00f1o cient\u00edfico-humano tomara forma.<\/p>\n\n\n\n<p>Hoy, Eduardo es una pieza clave en la identidad de NovaGennix: un fundador que combina pensamiento anal\u00edtico con sensibilidad humana, un l\u00edder que cree en el poder de la innovaci\u00f3n consciente y en el impacto que una organizaci\u00f3n puede generar cuando se gu\u00eda por principios firmes.<\/p>\n<\/div><\/div><\/div>\n\n\n\n<div class=\"wp-block-stackable-column stk-block-column stk-column stk-block stk-88a1869\" data-v=\"4\" data-block-id=\"88a1869\"><div class=\"stk-column-wrapper stk-block-column__content stk-container stk-88a1869-container stk-hover-parent\"><div class=\"stk-block-content stk-inner-blocks stk-88a1869-inner-blocks\">\n<div class=\"wp-block-stackable-image stk-block-image stk-block stk-d38c366\" data-block-id=\"d38c366\"><figure><span class=\"stk-img-wrapper stk-image--shape-stretch\"><img decoding=\"async\" class=\"stk-img wp-image-172\" src=\"https:\/\/novagennix.com\/newpage\/wp-content\/uploads\/2026\/03\/Captura-de-pantalla-2026-03-23-a-las-5.13.54-p.m.png\" width=\"1182\" height=\"1082\" srcset=\"https:\/\/novagennix.com\/wp-content\/uploads\/2026\/03\/Captura-de-pantalla-2026-03-23-a-las-5.13.54-p.m.png 1182w, https:\/\/novagennix.com\/wp-content\/uploads\/2026\/03\/Captura-de-pantalla-2026-03-23-a-las-5.13.54-p.m-300x275.png 300w, https:\/\/novagennix.com\/wp-content\/uploads\/2026\/03\/Captura-de-pantalla-2026-03-23-a-las-5.13.54-p.m-1024x937.png 1024w, https:\/\/novagennix.com\/wp-content\/uploads\/2026\/03\/Captura-de-pantalla-2026-03-23-a-las-5.13.54-p.m-768x703.png 768w, https:\/\/novagennix.com\/wp-content\/uploads\/2026\/03\/Captura-de-pantalla-2026-03-23-a-las-5.13.54-p.m-13x12.png 13w\" sizes=\"(max-width: 1182px) 100vw, 1182px\" \/><\/span><\/figure><\/div>\n\n\n\n<div class=\"wp-block-stackable-heading stk-block-heading stk-block-heading--v2 stk-block stk-744c8ba\" id=\"mary-triny-barrera\" data-block-id=\"744c8ba\"><h3 class=\"stk-block-heading__text\">MaryTriny Barrera<\/h3><\/div>\n\n\n\n<div class=\"wp-block-stackable-text stk-block-text stk-block stk-a6c402b\" data-block-id=\"a6c402b\"><p class=\"stk-block-text__text\">Co-Fundadora y Chief Product &amp; Brand Officer&nbsp;<\/p><\/div>\n\n\n\n<p>Cofundadora, empresaria y l\u00edder visionaria, MaryTriny combina una s\u00f3lida formaci\u00f3n acad\u00e9mica como contadora p\u00fablica con su pasi\u00f3n por el bienestar integral. Mujer de servicio y mente brillante, aporta una visi\u00f3n innovadora en el campo de la epigen\u00e9tica y ha sido pieza clave en la supervisi\u00f3n y co-creaci\u00f3n de las f\u00f3rmulas de nuestra compa\u00f1\u00eda.<\/p>\n\n\n\n<p>En el mundo del multinivel, ha demostrado que el \u00e9xito se construye con enfoque, disciplina y visi\u00f3n, inspirando a otros a alcanzar su m\u00e1ximo potencial mientras promueve un bienestar integral y sostenible.<\/p>\n<\/div><\/div><\/div>\n<\/div><\/div>\n<\/div><\/div>\n\n\n\n<div class=\"wp-block-cover alignfull\" style=\"min-height:244px;aspect-ratio:unset;\"><span aria-hidden=\"true\" class=\"wp-block-cover__background has-ast-global-color-7-background-color has-background-dim-100 has-background-dim\"><\/span><div class=\"wp-block-cover__inner-container is-layout-constrained wp-block-cover-is-layout-constrained\">\n<p class=\"has-text-align-left has-ast-global-color-1-color has-text-color has-link-color has-medium-font-size wp-elements-4e18090d40fc6aef3ecf5bc5226be327\">NovaGennix<\/p>\n\n\n\n<div class=\"wp-block-columns is-layout-flex wp-container-core-columns-is-layout-28f84493 wp-block-columns-is-layout-flex\">\n<div class=\"wp-block-column is-layout-flow wp-block-column-is-layout-flow\">\n<p>Dise\u00f1ado para tu balance integral con nutrici\u00f3n de precisi\u00f3n y experiencia.<\/p>\n<\/div>\n\n\n\n<div class=\"wp-block-column is-layout-flow wp-block-column-is-layout-flow\">\n<div class=\"wp-block-buttons is-content-justification-right is-layout-flex wp-container-core-buttons-is-layout-d445cf74 wp-block-buttons-is-layout-flex\">\n<div class=\"wp-block-button\"><a class=\"wp-block-button__link wp-element-button\" href=\"https:\/\/novagennix.com\/newpage\/contacto\/\">Inscr\u00edbete Ahora<\/a><\/div>\n<\/div>\n<\/div>\n<\/div>\n<\/div><\/div>\n","protected":false},"excerpt":{"rendered":"","protected":false},"author":1,"featured_media":0,"parent":0,"menu_order":0,"comment_status":"closed","ping_status":"closed","template":"","meta":{"_monsterinsights_skip_tracking":false,"_monsterinsights_sitenote_active":false,"_monsterinsights_sitenote_note":"","_monsterinsights_sitenote_category":0,"site-sidebar-layout":"default","site-content-layout":"","ast-site-content-layout":"default","site-content-style":"default","site-sidebar-style":"default","ast-global-header-display":"","ast-banner-title-visibility":"","ast-main-header-display":"","ast-hfb-above-header-display":"","ast-hfb-below-header-display":"","ast-hfb-mobile-header-display":"","site-post-title":"disabled","ast-breadcrumbs-content":"","ast-featured-img":"","footer-sml-layout":"","ast-disable-related-posts":"","theme-transparent-header-meta":"","adv-header-id-meta":"","stick-header-meta":"","header-above-stick-meta":"","header-main-stick-meta":"","header-below-stick-meta":"","astra-migrate-meta-layouts":"default","ast-page-background-enabled":"default","ast-page-background-meta":{"desktop":{"background-color":"var(--ast-global-color-5)","background-image":"","background-repeat":"repeat","background-position":"center center","background-size":"auto","background-attachment":"scroll","background-type":"","background-media":"","overlay-type":"","overlay-color":"","overlay-opacity":"","overlay-gradient":""},"tablet":{"background-color":"","background-image":"","background-repeat":"repeat","background-position":"center center","background-size":"auto","background-attachment":"scroll","background-type":"","background-media":"","overlay-type":"","overlay-color":"","overlay-opacity":"","overlay-gradient":""},"mobile":{"background-color":"","background-image":"","background-repeat":"repeat","background-position":"center center","background-size":"auto","background-attachment":"scroll","background-type":"","background-media":"","overlay-type":"","overlay-color":"","overlay-opacity":"","overlay-gradient":""}},"ast-content-background-meta":{"desktop":{"background-color":"var(--ast-global-color-4)","background-image":"","background-repeat":"repeat","background-position":"center center","background-size":"auto","background-attachment":"scroll","background-type":"","background-media":"","overlay-type":"","overlay-color":"","overlay-opacity":"","overlay-gradient":""},"tablet":{"background-color":"var(--ast-global-color-4)","background-image":"","background-repeat":"repeat","background-position":"center center","background-size":"auto","background-attachment":"scroll","background-type":"","background-media":"","overlay-type":"","overlay-color":"","overlay-opacity":"","overlay-gradient":""},"mobile":{"background-color":"var(--ast-global-color-4)","background-image":"","background-repeat":"repeat","background-position":"center center","background-size":"auto","background-attachment":"scroll","background-type":"","background-media":"","overlay-type":"","overlay-color":"","overlay-opacity":"","overlay-gradient":""}},"footnotes":""},"class_list":["post-166","page","type-page","status-publish","hentry"],"featured_image_urls_v2":{"full":"","thumbnail":"","medium":"","medium_large":"","large":"","1536x1536":"","2048x2048":"","trp-custom-language-flag":""},"post_excerpt_stackable_v2":"<p>Nuestro Equipo En NovaGennix contamos con un equipo corporativo comprometido con la innovaci\u00f3n, la excelencia y el crecimiento consciente. Nuestro liderazgo integra experiencia en ciencia, estrategia, desarrollo humano, emprendimiento y bienestar integral, trabajando de manera coordinada para impulsar la visi\u00f3n y expansi\u00f3n de la compa\u00f1\u00eda. Creemos en el trabajo colaborativo, en la integridad y en el prop\u00f3sito que nos une: transformar vidas a trav\u00e9s de la salud consciente y la oportunidad. Jesus Roberto Mart\u00ednez Co-Fundador y Chief Network Officer Con una reconocida trayectoria en la industria del mercadeo en redes y una habilidad comprobada para construir equipos de alto rendimiento,&hellip;<\/p>\n","category_list_v2":"","author_info_v2":{"name":"pm3l6","url":"https:\/\/novagennix.com\/es_es\/author\/pm3l6\/"},"comments_num_v2":"0 comentarios","_links":{"self":[{"href":"https:\/\/novagennix.com\/es_es\/wp-json\/wp\/v2\/pages\/166","targetHints":{"allow":["GET"]}}],"collection":[{"href":"https:\/\/novagennix.com\/es_es\/wp-json\/wp\/v2\/pages"}],"about":[{"href":"https:\/\/novagennix.com\/es_es\/wp-json\/wp\/v2\/types\/page"}],"author":[{"embeddable":true,"href":"https:\/\/novagennix.com\/es_es\/wp-json\/wp\/v2\/users\/1"}],"replies":[{"embeddable":true,"href":"https:\/\/novagennix.com\/es_es\/wp-json\/wp\/v2\/comments?post=166"}],"version-history":[{"count":3,"href":"https:\/\/novagennix.com\/es_es\/wp-json\/wp\/v2\/pages\/166\/revisions"}],"predecessor-version":[{"id":301,"href":"https:\/\/novagennix.com\/es_es\/wp-json\/wp\/v2\/pages\/166\/revisions\/301"}],"wp:attachment":[{"href":"https:\/\/novagennix.com\/es_es\/wp-json\/wp\/v2\/media?parent=166"}],"curies":[{"name":"wp","href":"https:\/\/api.w.org\/{rel}","templated":true}]}}