{"id":162,"date":"2026-03-24T16:05:18","date_gmt":"2026-03-24T16:05:18","guid":{"rendered":"https:\/\/novagennix.com\/newpage\/?page_id=162"},"modified":"2026-03-24T18:44:38","modified_gmt":"2026-03-24T18:44:38","slug":"mision-y-vision","status":"publish","type":"page","link":"https:\/\/novagennix.com\/es_es\/mision-y-vision\/","title":{"rendered":"Misi\u00f3n y Visi\u00f3n"},"content":{"rendered":"\n<div class=\"wp-block-cover\"><span aria-hidden=\"true\" class=\"wp-block-cover__background has-ast-global-color-4-background-color has-background-dim-100 has-background-dim\"><\/span><div class=\"wp-block-cover__inner-container is-layout-constrained wp-block-cover-is-layout-constrained\">\n<div class=\"wp-block-columns is-layout-flex wp-container-core-columns-is-layout-28f84493 wp-block-columns-is-layout-flex\">\n<div class=\"wp-block-column is-layout-flow wp-block-column-is-layout-flow\">\n<h2 class=\"wp-block-heading has-black-color has-text-color has-link-color wp-elements-881ea925ef60e25689407a0c883bbc96\">Misi\u00f3n<\/h2>\n\n\n\n<p>En NovaGennix unimos ciencia epigen\u00e9tica y nutrici\u00f3n consciente para activar el poder natural del cuerpo de regenerarse, equilibrarse y evolucionar. Trabajamos cada d\u00eda para crear bienestar real, accesible y transformador, honrando la relaci\u00f3n entre la ciencia, la naturaleza y la vida misma.<\/p>\n<\/div>\n\n\n\n<div class=\"wp-block-column is-layout-flow wp-block-column-is-layout-flow\">\n<h2 class=\"wp-block-heading has-black-color has-text-color has-link-color wp-elements-26cc121579c475129282a732fc23e1b5\">Visi\u00f3n<\/h2>\n\n\n\n<p>Queremos construir una comunidad global que viva desde la salud consciente, donde cada persona pueda reconectar con su potencial y con una forma de vivir m\u00e1s plena y equilibrada. Buscamos inspirar un nuevo camino en el que ciencia, naturaleza y conciencia se encuentran para transformar vidas desde adentro hacia afuera. <\/p>\n<\/div>\n<\/div>\n\n\n\n<div class=\"wp-block-columns is-layout-flex wp-container-core-columns-is-layout-28f84493 wp-block-columns-is-layout-flex\">\n<div class=\"wp-block-column is-layout-flow wp-block-column-is-layout-flow\"><\/div>\n<\/div>\n<\/div><\/div>\n\n\n\n<div class=\"wp-block-cover alignfull\" style=\"min-height:244px;aspect-ratio:unset;\"><span aria-hidden=\"true\" class=\"wp-block-cover__background has-ast-global-color-7-background-color has-background-dim-100 has-background-dim\"><\/span><div class=\"wp-block-cover__inner-container is-layout-constrained wp-block-cover-is-layout-constrained\">\n<p class=\"has-text-align-left has-ast-global-color-1-color has-text-color has-link-color has-medium-font-size wp-elements-4e18090d40fc6aef3ecf5bc5226be327\">NovaGennix<\/p>\n\n\n\n<div class=\"wp-block-columns is-layout-flex wp-container-core-columns-is-layout-28f84493 wp-block-columns-is-layout-flex\">\n<div class=\"wp-block-column is-layout-flow wp-block-column-is-layout-flow\">\n<p>Dise\u00f1ado para tu balance integral con nutrici\u00f3n de precisi\u00f3n y experiencia.<\/p>\n<\/div>\n\n\n\n<div class=\"wp-block-column is-layout-flow wp-block-column-is-layout-flow\">\n<div class=\"wp-block-buttons is-content-justification-right is-layout-flex wp-container-core-buttons-is-layout-d445cf74 wp-block-buttons-is-layout-flex\">\n<div class=\"wp-block-button\"><a class=\"wp-block-button__link wp-element-button\" href=\"https:\/\/novagennix.com\/newpage\/contacto\/\">Inscr\u00edbete Ahora<\/a><\/div>\n<\/div>\n<\/div>\n<\/div>\n<\/div><\/div>\n\n\n\n<p><\/p>\n","protected":false},"excerpt":{"rendered":"","protected":false},"author":1,"featured_media":0,"parent":0,"menu_order":0,"comment_status":"closed","ping_status":"closed","template":"","meta":{"_monsterinsights_skip_tracking":false,"_monsterinsights_sitenote_active":false,"_monsterinsights_sitenote_note":"","_monsterinsights_sitenote_category":0,"site-sidebar-layout":"default","site-content-layout":"","ast-site-content-layout":"default","site-content-style":"default","site-sidebar-style":"default","ast-global-header-display":"","ast-banner-title-visibility":"","ast-main-header-display":"","ast-hfb-above-header-display":"","ast-hfb-below-header-display":"","ast-hfb-mobile-header-display":"","site-post-title":"disabled","ast-breadcrumbs-content":"","ast-featured-img":"","footer-sml-layout":"","ast-disable-related-posts":"","theme-transparent-header-meta":"","adv-header-id-meta":"","stick-header-meta":"","header-above-stick-meta":"","header-main-stick-meta":"","header-below-stick-meta":"","astra-migrate-meta-layouts":"default","ast-page-background-enabled":"default","ast-page-background-meta":{"desktop":{"background-color":"var(--ast-global-color-5)","background-image":"","background-repeat":"repeat","background-position":"center center","background-size":"auto","background-attachment":"scroll","background-type":"","background-media":"","overlay-type":"","overlay-color":"","overlay-opacity":"","overlay-gradient":""},"tablet":{"background-color":"","background-image":"","background-repeat":"repeat","background-position":"center center","background-size":"auto","background-attachment":"scroll","background-type":"","background-media":"","overlay-type":"","overlay-color":"","overlay-opacity":"","overlay-gradient":""},"mobile":{"background-color":"","background-image":"","background-repeat":"repeat","background-position":"center center","background-size":"auto","background-attachment":"scroll","background-type":"","background-media":"","overlay-type":"","overlay-color":"","overlay-opacity":"","overlay-gradient":""}},"ast-content-background-meta":{"desktop":{"background-color":"var(--ast-global-color-4)","background-image":"","background-repeat":"repeat","background-position":"center center","background-size":"auto","background-attachment":"scroll","background-type":"","background-media":"","overlay-type":"","overlay-color":"","overlay-opacity":"","overlay-gradient":""},"tablet":{"background-color":"var(--ast-global-color-4)","background-image":"","background-repeat":"repeat","background-position":"center center","background-size":"auto","background-attachment":"scroll","background-type":"","background-media":"","overlay-type":"","overlay-color":"","overlay-opacity":"","overlay-gradient":""},"mobile":{"background-color":"var(--ast-global-color-4)","background-image":"","background-repeat":"repeat","background-position":"center center","background-size":"auto","background-attachment":"scroll","background-type":"","background-media":"","overlay-type":"","overlay-color":"","overlay-opacity":"","overlay-gradient":""}},"footnotes":""},"class_list":["post-162","page","type-page","status-publish","hentry"],"featured_image_urls_v2":{"full":"","thumbnail":"","medium":"","medium_large":"","large":"","1536x1536":"","2048x2048":"","trp-custom-language-flag":""},"post_excerpt_stackable_v2":"<p>Misi\u00f3n En NovaGennix unimos ciencia epigen\u00e9tica y nutrici\u00f3n consciente para activar el poder natural del cuerpo de regenerarse, equilibrarse y evolucionar. Trabajamos cada d\u00eda para crear bienestar real, accesible y transformador, honrando la relaci\u00f3n entre la ciencia, la naturaleza y la vida misma. Visi\u00f3n Queremos construir una comunidad global que viva desde la salud consciente, donde cada persona pueda reconectar con su potencial y con una forma de vivir m\u00e1s plena y equilibrada. Buscamos inspirar un nuevo camino en el que ciencia, naturaleza y conciencia se encuentran para transformar vidas desde adentro hacia afuera. NovaGennix Dise\u00f1ado para tu balance integral&hellip;<\/p>\n","category_list_v2":"","author_info_v2":{"name":"pm3l6","url":"https:\/\/novagennix.com\/es_es\/author\/pm3l6\/"},"comments_num_v2":"0 comentarios","_links":{"self":[{"href":"https:\/\/novagennix.com\/es_es\/wp-json\/wp\/v2\/pages\/162","targetHints":{"allow":["GET"]}}],"collection":[{"href":"https:\/\/novagennix.com\/es_es\/wp-json\/wp\/v2\/pages"}],"about":[{"href":"https:\/\/novagennix.com\/es_es\/wp-json\/wp\/v2\/types\/page"}],"author":[{"embeddable":true,"href":"https:\/\/novagennix.com\/es_es\/wp-json\/wp\/v2\/users\/1"}],"replies":[{"embeddable":true,"href":"https:\/\/novagennix.com\/es_es\/wp-json\/wp\/v2\/comments?post=162"}],"version-history":[{"count":4,"href":"https:\/\/novagennix.com\/es_es\/wp-json\/wp\/v2\/pages\/162\/revisions"}],"predecessor-version":[{"id":297,"href":"https:\/\/novagennix.com\/es_es\/wp-json\/wp\/v2\/pages\/162\/revisions\/297"}],"wp:attachment":[{"href":"https:\/\/novagennix.com\/es_es\/wp-json\/wp\/v2\/media?parent=162"}],"curies":[{"name":"wp","href":"https:\/\/api.w.org\/{rel}","templated":true}]}}