{"id":159,"date":"2026-03-24T16:04:13","date_gmt":"2026-03-24T16:04:13","guid":{"rendered":"https:\/\/novagennix.com\/newpage\/?page_id=159"},"modified":"2026-03-24T18:45:17","modified_gmt":"2026-03-24T18:45:17","slug":"nuestra-historia","status":"publish","type":"page","link":"https:\/\/novagennix.com\/es_es\/nuestra-historia\/","title":{"rendered":"Nuestra Historia"},"content":{"rendered":"\n<div class=\"wp-block-cover\"><span aria-hidden=\"true\" class=\"wp-block-cover__background has-ast-global-color-4-background-color has-background-dim-100 has-background-dim\"><\/span><div class=\"wp-block-cover__inner-container is-layout-constrained wp-block-cover-is-layout-constrained\">\n<h2 class=\"wp-block-heading has-text-align-center has-black-color has-text-color has-link-color has-x-large-font-size wp-elements-724f6e120fc80a1b49f81570dbbcf8d4\">Ciencia, Conciencia y Prop\u00f3sito<\/h2>\n\n\n\n<div class=\"wp-block-columns is-layout-flex wp-container-core-columns-is-layout-28f84493 wp-block-columns-is-layout-flex\">\n<div class=\"wp-block-column is-layout-flow wp-block-column-is-layout-flow\">\n<p>Todo comenz\u00f3 con nuestra historia\u2026 una historia que podr\u00eda ser la tuya. Entender que no se trata solo de existir, sino de vivir con prop\u00f3sito y plenitud. Tres mentes, tres corazones y un mismo sue\u00f1o se unieron con un prop\u00f3sito claro: crear algo verdaderamente extraordinario.<\/p>\n\n\n\n<p>Desde nuestras diferentes trayectorias \u2014la estrategia de un empresario con una visi\u00f3n financiera s\u00f3lida, el liderazgo de quien ha guiado equipos en el mundo del emprendimiento y el multinivel, y la sensibilidad de una mente formada en medicina integrativa y desarrollo humano\u2014 descubrimos que compart\u00edamos la misma convicci\u00f3n: la profunda necesidad de ayudar a las personas a vivir con salud, prop\u00f3sito y abundancia.<\/p>\n\n\n\n<p>Hemos estado en ambos lados. Sabemos lo que significa luchar por recuperar el bienestar, la energ\u00eda y la estabilidad emocional y, al mismo tiempo, desear una oportunidad econ\u00f3mica real, justa y con prop\u00f3sito.<\/p>\n<\/div>\n\n\n\n<div class=\"wp-block-column is-layout-flow wp-block-column-is-layout-flow\">\n<p>Por eso, m\u00e1s que construir una marca, decidimos crear un movimiento que honrara esas dos dimensiones esenciales de la vida. Con visi\u00f3n, ciencia y coraz\u00f3n, dimos forma a una filosof\u00eda donde la excelencia es el punto de partida, integrando tecnolog\u00edas de vanguardia y biotecnolog\u00eda para crear suplementos capaces de elevar el nivel de vida.<\/p>\n\n\n\n<p>Comprendimos que la salud sin libertad econ\u00f3mica es incompleta. As\u00ed naci\u00f3 NovaGennix: un espacio donde la innovaci\u00f3n se une con la compasi\u00f3n, la ciencia con la conciencia, y la oportunidad con el prop\u00f3sito.<\/p>\n\n\n\n<p>Somos una empresa creada por personas que creen en las personas. Porque sabemos que cuando la salud y el prop\u00f3sito se encuentran, la vida se transforma.<\/p>\n<\/div>\n<\/div>\n\n\n\n<div class=\"wp-block-columns is-layout-flex wp-container-core-columns-is-layout-28f84493 wp-block-columns-is-layout-flex\">\n<div class=\"wp-block-column is-layout-flow wp-block-column-is-layout-flow\">\n<div class=\"wp-block-stackable-image stk-block-image stk-block stk-bc9d8ff\" data-block-id=\"bc9d8ff\"><style>.stk-bc9d8ff .stk-img-wrapper{width:612px !important;}<\/style><figure><span class=\"stk-img-wrapper stk-image--shape-stretch\"><img fetchpriority=\"high\" decoding=\"async\" class=\"stk-img wp-image-105\" src=\"https:\/\/novagennix.com\/newpage\/wp-content\/uploads\/2026\/03\/fundadores.jpg\" width=\"612\" height=\"828\" srcset=\"https:\/\/novagennix.com\/wp-content\/uploads\/2026\/03\/fundadores.jpg 612w, https:\/\/novagennix.com\/wp-content\/uploads\/2026\/03\/fundadores-222x300.jpg 222w, https:\/\/novagennix.com\/wp-content\/uploads\/2026\/03\/fundadores-9x12.jpg 9w\" sizes=\"(max-width: 612px) 100vw, 612px\" \/><\/span><\/figure><\/div>\n<\/div>\n<\/div>\n<\/div><\/div>\n\n\n\n<div class=\"wp-block-cover alignfull\" style=\"min-height:244px;aspect-ratio:unset;\"><span aria-hidden=\"true\" class=\"wp-block-cover__background has-ast-global-color-7-background-color has-background-dim-100 has-background-dim\"><\/span><div class=\"wp-block-cover__inner-container is-layout-constrained wp-block-cover-is-layout-constrained\">\n<p class=\"has-text-align-left has-ast-global-color-1-color has-text-color has-link-color has-medium-font-size wp-elements-4e18090d40fc6aef3ecf5bc5226be327\">NovaGennix<\/p>\n\n\n\n<div class=\"wp-block-columns is-layout-flex wp-container-core-columns-is-layout-28f84493 wp-block-columns-is-layout-flex\">\n<div class=\"wp-block-column is-layout-flow wp-block-column-is-layout-flow\">\n<p>Dise\u00f1ado para tu balance integral con nutrici\u00f3n de precisi\u00f3n y experiencia.<\/p>\n<\/div>\n\n\n\n<div class=\"wp-block-column is-layout-flow wp-block-column-is-layout-flow\">\n<div class=\"wp-block-buttons is-content-justification-right is-layout-flex wp-container-core-buttons-is-layout-d445cf74 wp-block-buttons-is-layout-flex\">\n<div class=\"wp-block-button\"><a class=\"wp-block-button__link wp-element-button\" href=\"https:\/\/novagennix.com\/newpage\/contacto\/\">Inscr\u00edbete Ahora<\/a><\/div>\n<\/div>\n<\/div>\n<\/div>\n<\/div><\/div>\n\n\n\n<p><\/p>\n","protected":false},"excerpt":{"rendered":"","protected":false},"author":1,"featured_media":0,"parent":0,"menu_order":0,"comment_status":"closed","ping_status":"closed","template":"","meta":{"_monsterinsights_skip_tracking":false,"_monsterinsights_sitenote_active":false,"_monsterinsights_sitenote_note":"","_monsterinsights_sitenote_category":0,"site-sidebar-layout":"default","site-content-layout":"","ast-site-content-layout":"default","site-content-style":"default","site-sidebar-style":"default","ast-global-header-display":"","ast-banner-title-visibility":"","ast-main-header-display":"","ast-hfb-above-header-display":"","ast-hfb-below-header-display":"","ast-hfb-mobile-header-display":"","site-post-title":"disabled","ast-breadcrumbs-content":"","ast-featured-img":"","footer-sml-layout":"","ast-disable-related-posts":"","theme-transparent-header-meta":"","adv-header-id-meta":"","stick-header-meta":"","header-above-stick-meta":"","header-main-stick-meta":"","header-below-stick-meta":"","astra-migrate-meta-layouts":"default","ast-page-background-enabled":"default","ast-page-background-meta":{"desktop":{"background-color":"var(--ast-global-color-5)","background-image":"","background-repeat":"repeat","background-position":"center center","background-size":"auto","background-attachment":"scroll","background-type":"","background-media":"","overlay-type":"","overlay-color":"","overlay-opacity":"","overlay-gradient":""},"tablet":{"background-color":"","background-image":"","background-repeat":"repeat","background-position":"center center","background-size":"auto","background-attachment":"scroll","background-type":"","background-media":"","overlay-type":"","overlay-color":"","overlay-opacity":"","overlay-gradient":""},"mobile":{"background-color":"","background-image":"","background-repeat":"repeat","background-position":"center center","background-size":"auto","background-attachment":"scroll","background-type":"","background-media":"","overlay-type":"","overlay-color":"","overlay-opacity":"","overlay-gradient":""}},"ast-content-background-meta":{"desktop":{"background-color":"var(--ast-global-color-4)","background-image":"","background-repeat":"repeat","background-position":"center center","background-size":"auto","background-attachment":"scroll","background-type":"","background-media":"","overlay-type":"","overlay-color":"","overlay-opacity":"","overlay-gradient":""},"tablet":{"background-color":"var(--ast-global-color-4)","background-image":"","background-repeat":"repeat","background-position":"center center","background-size":"auto","background-attachment":"scroll","background-type":"","background-media":"","overlay-type":"","overlay-color":"","overlay-opacity":"","overlay-gradient":""},"mobile":{"background-color":"var(--ast-global-color-4)","background-image":"","background-repeat":"repeat","background-position":"center center","background-size":"auto","background-attachment":"scroll","background-type":"","background-media":"","overlay-type":"","overlay-color":"","overlay-opacity":"","overlay-gradient":""}},"footnotes":""},"class_list":["post-159","page","type-page","status-publish","hentry"],"featured_image_urls_v2":{"full":"","thumbnail":"","medium":"","medium_large":"","large":"","1536x1536":"","2048x2048":"","trp-custom-language-flag":""},"post_excerpt_stackable_v2":"<p>Ciencia, Conciencia y Prop\u00f3sito Todo comenz\u00f3 con nuestra historia\u2026 una historia que podr\u00eda ser la tuya. Entender que no se trata solo de existir, sino de vivir con prop\u00f3sito y plenitud. Tres mentes, tres corazones y un mismo sue\u00f1o se unieron con un prop\u00f3sito claro: crear algo verdaderamente extraordinario. Desde nuestras diferentes trayectorias \u2014la estrategia de un empresario con una visi\u00f3n financiera s\u00f3lida, el liderazgo de quien ha guiado equipos en el mundo del emprendimiento y el multinivel, y la sensibilidad de una mente formada en medicina integrativa y desarrollo humano\u2014 descubrimos que compart\u00edamos la misma convicci\u00f3n: la profunda necesidad&hellip;<\/p>\n","category_list_v2":"","author_info_v2":{"name":"pm3l6","url":"https:\/\/novagennix.com\/es_es\/author\/pm3l6\/"},"comments_num_v2":"0 comentarios","_links":{"self":[{"href":"https:\/\/novagennix.com\/es_es\/wp-json\/wp\/v2\/pages\/159","targetHints":{"allow":["GET"]}}],"collection":[{"href":"https:\/\/novagennix.com\/es_es\/wp-json\/wp\/v2\/pages"}],"about":[{"href":"https:\/\/novagennix.com\/es_es\/wp-json\/wp\/v2\/types\/page"}],"author":[{"embeddable":true,"href":"https:\/\/novagennix.com\/es_es\/wp-json\/wp\/v2\/users\/1"}],"replies":[{"embeddable":true,"href":"https:\/\/novagennix.com\/es_es\/wp-json\/wp\/v2\/comments?post=159"}],"version-history":[{"count":3,"href":"https:\/\/novagennix.com\/es_es\/wp-json\/wp\/v2\/pages\/159\/revisions"}],"predecessor-version":[{"id":298,"href":"https:\/\/novagennix.com\/es_es\/wp-json\/wp\/v2\/pages\/159\/revisions\/298"}],"wp:attachment":[{"href":"https:\/\/novagennix.com\/es_es\/wp-json\/wp\/v2\/media?parent=159"}],"curies":[{"name":"wp","href":"https:\/\/api.w.org\/{rel}","templated":true}]}}