{"id":155,"date":"2026-03-24T16:02:40","date_gmt":"2026-03-24T16:02:40","guid":{"rendered":"https:\/\/novagennix.com\/newpage\/?page_id=155"},"modified":"2026-03-24T18:46:08","modified_gmt":"2026-03-24T18:46:08","slug":"quienes-somos","status":"publish","type":"page","link":"https:\/\/novagennix.com\/es_es\/quienes-somos\/","title":{"rendered":"Quienes somos"},"content":{"rendered":"\n<div class=\"wp-block-cover\"><span aria-hidden=\"true\" class=\"wp-block-cover__background has-ast-global-color-4-background-color has-background-dim-100 has-background-dim\"><\/span><div class=\"wp-block-cover__inner-container is-layout-constrained wp-block-cover-is-layout-constrained\">\n<h2 class=\"wp-block-heading has-text-align-center has-black-color has-text-color has-link-color has-x-large-font-size wp-elements-af54f07f1b3c9f1ed5d0f2b3019583ee\">En NovaGennix nacimos desde una convicci\u00f3n compartida<\/h2>\n\n\n\n<p>En NovaGennix nacimos desde una convicci\u00f3n compartida: la salud y el prop\u00f3sito pueden transformar la vida de una persona cuando trabajan en armon\u00eda. Somos un equipo de tres visiones distintas que encontraron un sue\u00f1o com\u00fan: crear algo verdaderamente extraordinario para acompa\u00f1ar a las personas a vivir con m\u00e1s energ\u00eda, claridad, bienestar y abundancia.<\/p>\n\n\n\n<p>Venimos de diferentes caminos \u2014la estrategia de un empresario con visi\u00f3n financiera s\u00f3lida, el liderazgo de un emprendedor en el mundo del multinivel y la sensibilidad de una mente formada en medicina integrativa y desarrollo humano\u2014 y juntos descubrimos que todos busc\u00e1bamos lo mismo: ayudar a las personas a despertar su potencial y a vivir con plena salud f\u00edsica, emocional y econ\u00f3mica.<\/p>\n\n\n\n<p>Hemos vivido los retos en carne propia. Sabemos lo que significa buscar bienestar, equilibrio, energ\u00eda y tambi\u00e9n una oportunidad real que permita construir un futuro mejor. Por eso, NovaGennix no es solo una marca: es un movimiento que une ciencia, naturaleza y conciencia para elevar la vida desde adentro hacia afuera.<\/p>\n\n\n\n<p>Cada f\u00f3rmula que desarrollamos integra tecnolog\u00eda epigen\u00e9tica, nutragen\u00f3mica avanzada e ingredientes de pureza excepcional. Nuestro enfoque es claro: activar los procesos m\u00e1s profundos del cuerpo para potenciar su capacidad natural de regenerarse, protegerse y evolucionar.<\/p>\n\n\n\n<p>Pero tambi\u00e9n creemos que la salud sin libertad es incompleta. Por eso construimos un modelo de crecimiento consciente, dise\u00f1ado para empoderar, reconocer y transformar vidas a trav\u00e9s de una oportunidad justa, escalable y con prop\u00f3sito.<\/p>\n\n\n\n<p>Somos una empresa creada por personas que creen en las personas. Creemos en las historias, en el potencial humano y en la idea de que, cuando la ciencia se une con el prop\u00f3sito, la vida cambia. En NovaGennix construimos un espacio donde la innovaci\u00f3n se encuentra con la empat\u00eda y donde cada miembro puede reescribir su historia celular, personal y financiera.<\/p>\n\n\n\n<p>Esto es qui\u00e9nes somos: un equipo, un sue\u00f1o, una comunidad y un movimiento que busca un futuro m\u00e1s humano, m\u00e1s pr\u00f3spero y m\u00e1s pleno.<\/p>\n<\/div><\/div>\n\n\n\n<div class=\"wp-block-cover alignfull\" style=\"min-height:244px;aspect-ratio:unset;\"><span aria-hidden=\"true\" class=\"wp-block-cover__background has-ast-global-color-7-background-color has-background-dim-100 has-background-dim\"><\/span><div class=\"wp-block-cover__inner-container is-layout-constrained wp-block-cover-is-layout-constrained\">\n<p class=\"has-text-align-left has-ast-global-color-1-color has-text-color has-link-color has-medium-font-size wp-elements-4e18090d40fc6aef3ecf5bc5226be327\">NovaGennix<\/p>\n\n\n\n<div class=\"wp-block-columns is-layout-flex wp-container-core-columns-is-layout-28f84493 wp-block-columns-is-layout-flex\">\n<div class=\"wp-block-column is-layout-flow wp-block-column-is-layout-flow\">\n<p>Dise\u00f1ado para tu balance integral con nutrici\u00f3n de precisi\u00f3n y experiencia.<\/p>\n<\/div>\n\n\n\n<div class=\"wp-block-column is-layout-flow wp-block-column-is-layout-flow\">\n<div class=\"wp-block-buttons is-content-justification-right is-layout-flex wp-container-core-buttons-is-layout-d445cf74 wp-block-buttons-is-layout-flex\">\n<div class=\"wp-block-button\"><a class=\"wp-block-button__link wp-element-button\" href=\"https:\/\/novagennix.com\/newpage\/contacto\/\">Inscr\u00edbete Ahora<\/a><\/div>\n<\/div>\n<\/div>\n<\/div>\n<\/div><\/div>\n\n\n\n<p><\/p>\n","protected":false},"excerpt":{"rendered":"","protected":false},"author":1,"featured_media":0,"parent":0,"menu_order":0,"comment_status":"closed","ping_status":"closed","template":"","meta":{"_monsterinsights_skip_tracking":false,"_monsterinsights_sitenote_active":false,"_monsterinsights_sitenote_note":"","_monsterinsights_sitenote_category":0,"site-sidebar-layout":"default","site-content-layout":"","ast-site-content-layout":"default","site-content-style":"default","site-sidebar-style":"default","ast-global-header-display":"","ast-banner-title-visibility":"","ast-main-header-display":"","ast-hfb-above-header-display":"","ast-hfb-below-header-display":"","ast-hfb-mobile-header-display":"","site-post-title":"disabled","ast-breadcrumbs-content":"","ast-featured-img":"","footer-sml-layout":"","ast-disable-related-posts":"","theme-transparent-header-meta":"","adv-header-id-meta":"","stick-header-meta":"","header-above-stick-meta":"","header-main-stick-meta":"","header-below-stick-meta":"","astra-migrate-meta-layouts":"default","ast-page-background-enabled":"default","ast-page-background-meta":{"desktop":{"background-color":"var(--ast-global-color-5)","background-image":"","background-repeat":"repeat","background-position":"center center","background-size":"auto","background-attachment":"scroll","background-type":"","background-media":"","overlay-type":"","overlay-color":"","overlay-opacity":"","overlay-gradient":""},"tablet":{"background-color":"","background-image":"","background-repeat":"repeat","background-position":"center center","background-size":"auto","background-attachment":"scroll","background-type":"","background-media":"","overlay-type":"","overlay-color":"","overlay-opacity":"","overlay-gradient":""},"mobile":{"background-color":"","background-image":"","background-repeat":"repeat","background-position":"center center","background-size":"auto","background-attachment":"scroll","background-type":"","background-media":"","overlay-type":"","overlay-color":"","overlay-opacity":"","overlay-gradient":""}},"ast-content-background-meta":{"desktop":{"background-color":"var(--ast-global-color-4)","background-image":"","background-repeat":"repeat","background-position":"center center","background-size":"auto","background-attachment":"scroll","background-type":"","background-media":"","overlay-type":"","overlay-color":"","overlay-opacity":"","overlay-gradient":""},"tablet":{"background-color":"var(--ast-global-color-4)","background-image":"","background-repeat":"repeat","background-position":"center center","background-size":"auto","background-attachment":"scroll","background-type":"","background-media":"","overlay-type":"","overlay-color":"","overlay-opacity":"","overlay-gradient":""},"mobile":{"background-color":"var(--ast-global-color-4)","background-image":"","background-repeat":"repeat","background-position":"center center","background-size":"auto","background-attachment":"scroll","background-type":"","background-media":"","overlay-type":"","overlay-color":"","overlay-opacity":"","overlay-gradient":""}},"footnotes":""},"class_list":["post-155","page","type-page","status-publish","hentry"],"featured_image_urls_v2":{"full":"","thumbnail":"","medium":"","medium_large":"","large":"","1536x1536":"","2048x2048":"","trp-custom-language-flag":""},"post_excerpt_stackable_v2":"<p>En NovaGennix nacimos desde una convicci\u00f3n compartida En NovaGennix nacimos desde una convicci\u00f3n compartida: la salud y el prop\u00f3sito pueden transformar la vida de una persona cuando trabajan en armon\u00eda. Somos un equipo de tres visiones distintas que encontraron un sue\u00f1o com\u00fan: crear algo verdaderamente extraordinario para acompa\u00f1ar a las personas a vivir con m\u00e1s energ\u00eda, claridad, bienestar y abundancia. Venimos de diferentes caminos \u2014la estrategia de un empresario con visi\u00f3n financiera s\u00f3lida, el liderazgo de un emprendedor en el mundo del multinivel y la sensibilidad de una mente formada en medicina integrativa y desarrollo humano\u2014 y juntos descubrimos que&hellip;<\/p>\n","category_list_v2":"","author_info_v2":{"name":"pm3l6","url":"https:\/\/novagennix.com\/es_es\/author\/pm3l6\/"},"comments_num_v2":"0 comentarios","_links":{"self":[{"href":"https:\/\/novagennix.com\/es_es\/wp-json\/wp\/v2\/pages\/155","targetHints":{"allow":["GET"]}}],"collection":[{"href":"https:\/\/novagennix.com\/es_es\/wp-json\/wp\/v2\/pages"}],"about":[{"href":"https:\/\/novagennix.com\/es_es\/wp-json\/wp\/v2\/types\/page"}],"author":[{"embeddable":true,"href":"https:\/\/novagennix.com\/es_es\/wp-json\/wp\/v2\/users\/1"}],"replies":[{"embeddable":true,"href":"https:\/\/novagennix.com\/es_es\/wp-json\/wp\/v2\/comments?post=155"}],"version-history":[{"count":4,"href":"https:\/\/novagennix.com\/es_es\/wp-json\/wp\/v2\/pages\/155\/revisions"}],"predecessor-version":[{"id":299,"href":"https:\/\/novagennix.com\/es_es\/wp-json\/wp\/v2\/pages\/155\/revisions\/299"}],"wp:attachment":[{"href":"https:\/\/novagennix.com\/es_es\/wp-json\/wp\/v2\/media?parent=155"}],"curies":[{"name":"wp","href":"https:\/\/api.w.org\/{rel}","templated":true}]}}