{"id":141,"date":"2026-03-24T16:02:13","date_gmt":"2026-03-24T16:02:13","guid":{"rendered":"https:\/\/novagennix.com\/newpage\/?page_id=141"},"modified":"2026-03-31T04:39:29","modified_gmt":"2026-03-31T04:39:29","slug":"suplementos-en-capsula","status":"publish","type":"page","link":"https:\/\/novagennix.com\/es_es\/suplementos\/suplementos-en-capsula\/","title":{"rendered":"Suplementos en C\u00e1psula"},"content":{"rendered":"\n<div style=\"aspect-ratio:auto;min-height:unset;\" class=\"wp-block-cover alignwide has-aspect-ratio\"><img fetchpriority=\"high\" decoding=\"async\" width=\"1024\" height=\"320\" class=\"wp-block-cover__image-background wp-image-143 size-large\" alt=\"\" src=\"https:\/\/novagennix.com\/newpage\/wp-content\/uploads\/2026\/03\/Capsulas_3c42e2f418-1024x320.png\" data-object-fit=\"cover\" srcset=\"https:\/\/novagennix.com\/wp-content\/uploads\/2026\/03\/Capsulas_3c42e2f418-1024x320.png 1024w, https:\/\/novagennix.com\/wp-content\/uploads\/2026\/03\/Capsulas_3c42e2f418-300x94.png 300w, https:\/\/novagennix.com\/wp-content\/uploads\/2026\/03\/Capsulas_3c42e2f418-768x240.png 768w, https:\/\/novagennix.com\/wp-content\/uploads\/2026\/03\/Capsulas_3c42e2f418-1536x480.png 1536w, https:\/\/novagennix.com\/wp-content\/uploads\/2026\/03\/Capsulas_3c42e2f418-18x6.png 18w, https:\/\/novagennix.com\/wp-content\/uploads\/2026\/03\/Capsulas_3c42e2f418.png 1600w\" sizes=\"(max-width: 1024px) 100vw, 1024px\" \/><span aria-hidden=\"true\" class=\"wp-block-cover__background has-background-dim-100 has-background-dim wp-block-cover__gradient-background has-background-gradient\" style=\"background:linear-gradient(90deg,rgb(0,0,0) 35%,rgba(155,81,224,0) 44%)\"><\/span><div class=\"wp-block-cover__inner-container is-layout-constrained wp-block-cover-is-layout-constrained\">\n<div class=\"wp-block-columns alignwide are-vertically-aligned-center is-layout-flex wp-container-core-columns-is-layout-174606dc wp-block-columns-is-layout-flex\">\n<div class=\"wp-block-column is-vertically-aligned-center ext-animate--on is-layout-flow wp-block-column-is-layout-flow\" style=\"flex-basis:496px\">\n<h1 class=\"wp-block-heading has-white-color has-text-color has-link-color wp-elements-4444df60632c76b356bdc2df643d0173\" style=\"font-size:57px;font-style:normal;font-weight:900\">C\u00e1psulas<\/h1>\n\n\n\n<p class=\"has-text-align-left ext-animate--off has-ast-global-color-4-color has-text-color has-link-color wp-elements-a986613a1cd519e3bcd09b0eff049f16\" style=\"margin-top:var(--wp--preset--spacing--50);margin-right:var(--wp--preset--spacing--80)\">F\u00f3rmulas en c\u00e1psulas dise\u00f1adas para quienes buscan precisi\u00f3n, comodidad y efectividad. Cada dosis concentra activos de alto valor nutrac\u00e9utico para optimizar funciones clave como inmunidad, energ\u00eda, equilibrio hormonal y salud general.<\/p>\n<\/div>\n\n\n\n<div class=\"wp-block-column is-vertically-aligned-center ext-animate--on is-layout-flow wp-block-column-is-layout-flow\"><\/div>\n<\/div>\n<\/div><\/div>\n\n\n\n<div class=\"wp-block-stackable-feature-grid alignwide stk-block-feature-grid stk-block-columns stk-block stk-f9d04b6 is-style-default\" data-block-id=\"f9d04b6\"><div class=\"stk-row stk-inner-blocks has-text-align-center stk-block-content stk-content-align stk-f9d04b6-column alignwide\">\n<div class=\"wp-block-stackable-column stk-block-column stk-column stk-block stk-122bb6c\" data-v=\"4\" data-block-id=\"122bb6c\"><div class=\"stk-column-wrapper stk-block-column__content stk-container stk-122bb6c-container stk-hover-parent\"><div class=\"stk-block-content stk-inner-blocks stk-122bb6c-inner-blocks\">\n<div class=\"wp-block-stackable-image stk-block-image stk-block stk-8de4d35\" data-block-id=\"8de4d35\"><figure><span class=\"stk-img-wrapper stk-image--shape-stretch\"><img decoding=\"async\" class=\"stk-img wp-image-146\" src=\"https:\/\/novagennix.com\/newpage\/wp-content\/uploads\/2026\/03\/HARMONY-1-01KCTJT2SCKSJ7416EFKNGK4PB.png\" width=\"2000\" height=\"2000\" srcset=\"https:\/\/novagennix.com\/wp-content\/uploads\/2026\/03\/HARMONY-1-01KCTJT2SCKSJ7416EFKNGK4PB.png 2000w, https:\/\/novagennix.com\/wp-content\/uploads\/2026\/03\/HARMONY-1-01KCTJT2SCKSJ7416EFKNGK4PB-300x300.png 300w, https:\/\/novagennix.com\/wp-content\/uploads\/2026\/03\/HARMONY-1-01KCTJT2SCKSJ7416EFKNGK4PB-1024x1024.png 1024w, https:\/\/novagennix.com\/wp-content\/uploads\/2026\/03\/HARMONY-1-01KCTJT2SCKSJ7416EFKNGK4PB-150x150.png 150w, https:\/\/novagennix.com\/wp-content\/uploads\/2026\/03\/HARMONY-1-01KCTJT2SCKSJ7416EFKNGK4PB-768x768.png 768w, https:\/\/novagennix.com\/wp-content\/uploads\/2026\/03\/HARMONY-1-01KCTJT2SCKSJ7416EFKNGK4PB-1536x1536.png 1536w, https:\/\/novagennix.com\/wp-content\/uploads\/2026\/03\/HARMONY-1-01KCTJT2SCKSJ7416EFKNGK4PB-12x12.png 12w\" sizes=\"(max-width: 2000px) 100vw, 2000px\" \/><\/span><figcaption class=\"stk-img-figcaption\"> <\/figcaption><\/figure><\/div>\n\n\n\n<p class=\"has-text-align-left\"><strong>MXN$1,370<\/strong><\/p>\n\n\n\n<div class=\"wp-block-stackable-heading stk-block-heading stk-block-heading--v2 stk-block stk-619cd1e\" id=\"a-href-https-viejo-novagennix-com-mx-products-paquete-latino-a-a-href-https-viejo-novagennix-com-mx-products-novadefense-glutathione-a-href-https-viejo-novagennix-com-mx-products-novaharmony-nova-harmony-a-a\" data-block-id=\"619cd1e\"><h3 class=\"stk-block-heading__text\"><a href=\"https:\/\/viejo.novagennix.com\/mx\/products\/paquete-latino\"><\/a><a href=\"https:\/\/viejo.novagennix.com\/mx\/products\/novadefense-glutathione\"><\/a>NovaHarmony<\/h3><\/div>\n\n\n\n<div class=\"wp-block-stackable-button-group stk-block-button-group stk-block stk-4e3f32a\" data-block-id=\"4e3f32a\"><div class=\"stk-row stk-inner-blocks stk-block-content stk-button-group\">\n<div class=\"wp-block-stackable-button stk-block-button is-style-plain stk-block stk-c1af3dc\" data-block-id=\"c1af3dc\"><style>.stk-c1af3dc .stk-button{background:transparent !important;}<\/style><a class=\"stk-link stk-button stk--hover-effect-darken\" href=\"https:\/\/novagennix.com\/novaharmony\/\"><span class=\"stk-button__inner-text\">Ver detalles<\/span><\/a><\/div>\n<\/div><\/div>\n<\/div><\/div><\/div>\n\n\n\n<div class=\"wp-block-stackable-column stk-block-column stk-column stk-block stk-e10b59b\" data-v=\"4\" data-block-id=\"e10b59b\"><div class=\"stk-column-wrapper stk-block-column__content stk-container stk-e10b59b-container stk-hover-parent\"><div class=\"stk-block-content stk-inner-blocks stk-e10b59b-inner-blocks\">\n<div class=\"wp-block-stackable-image stk-block-image stk-block stk-4e2e43e\" data-block-id=\"4e2e43e\"><figure><span class=\"stk-img-wrapper stk-image--shape-stretch\"><img decoding=\"async\" class=\"stk-img wp-image-147\" src=\"https:\/\/novagennix.com\/wp-content\/uploads\/2026\/03\/SERENITY-1-01KCTJV409KMXDV87J9FBKDF95.png\" width=\"2000\" height=\"2000\" srcset=\"https:\/\/novagennix.com\/wp-content\/uploads\/2026\/03\/SERENITY-1-01KCTJV409KMXDV87J9FBKDF95.png 2000w, https:\/\/novagennix.com\/wp-content\/uploads\/2026\/03\/SERENITY-1-01KCTJV409KMXDV87J9FBKDF95-300x300.png 300w, https:\/\/novagennix.com\/wp-content\/uploads\/2026\/03\/SERENITY-1-01KCTJV409KMXDV87J9FBKDF95-1024x1024.png 1024w, https:\/\/novagennix.com\/wp-content\/uploads\/2026\/03\/SERENITY-1-01KCTJV409KMXDV87J9FBKDF95-150x150.png 150w, https:\/\/novagennix.com\/wp-content\/uploads\/2026\/03\/SERENITY-1-01KCTJV409KMXDV87J9FBKDF95-768x768.png 768w, https:\/\/novagennix.com\/wp-content\/uploads\/2026\/03\/SERENITY-1-01KCTJV409KMXDV87J9FBKDF95-1536x1536.png 1536w, https:\/\/novagennix.com\/wp-content\/uploads\/2026\/03\/SERENITY-1-01KCTJV409KMXDV87J9FBKDF95-12x12.png 12w\" sizes=\"(max-width: 2000px) 100vw, 2000px\" \/><\/span><figcaption class=\"stk-img-figcaption\"> <\/figcaption><\/figure><\/div>\n\n\n\n<p class=\"has-text-align-left\"><strong>MXN$1,370<\/strong><\/p>\n\n\n\n<div class=\"wp-block-stackable-heading stk-block-heading stk-block-heading--v2 stk-block stk-9cf9b8a\" id=\"a-href-https-viejo-novagennix-com-mx-products-starter-pack-a-a-href-https-viejo-novagennix-com-mx-products-novacell-nrf-2-cacao-a-href-https-viejo-novagennix-com-mx-products-novaserenity-nova-serenity-a-a\" data-block-id=\"9cf9b8a\"><h3 class=\"stk-block-heading__text\"><a href=\"https:\/\/viejo.novagennix.com\/mx\/products\/starter-pack\"><\/a><a href=\"https:\/\/viejo.novagennix.com\/mx\/products\/novacell-nrf2-cacao\"><\/a>NovaSerenity<\/h3><\/div>\n\n\n\n<div class=\"wp-block-stackable-button-group stk-block-button-group stk-block stk-4b840f1\" data-block-id=\"4b840f1\"><div class=\"stk-row stk-inner-blocks stk-block-content stk-button-group\">\n<div class=\"wp-block-stackable-button stk-block-button is-style-plain stk-block stk-7cc5835\" data-block-id=\"7cc5835\"><style>.stk-7cc5835 .stk-button{background:transparent !important;}<\/style><a class=\"stk-link stk-button stk--hover-effect-darken\" href=\"https:\/\/novagennix.com\/239-2\/\"><span class=\"stk-button__inner-text\">Ver detalles<\/span><\/a><\/div>\n<\/div><\/div>\n<\/div><\/div><\/div>\n\n\n\n<div class=\"wp-block-stackable-column stk-block-column stk-column stk-block stk-8bcf167\" data-v=\"4\" data-block-id=\"8bcf167\"><div class=\"stk-column-wrapper stk-block-column__content stk-container stk-8bcf167-container stk-hover-parent\"><div class=\"stk-block-content stk-inner-blocks stk-8bcf167-inner-blocks\">\n<div class=\"wp-block-stackable-image stk-block-image stk-block stk-daccca1\" data-block-id=\"daccca1\"><figure><span class=\"stk-img-wrapper stk-image--shape-stretch\"><img loading=\"lazy\" decoding=\"async\" class=\"stk-img wp-image-145\" src=\"https:\/\/novagennix.com\/wp-content\/uploads\/2026\/03\/GLUCOSE-1-01KCTK242CKFYMZEY6787WN7R3-1.png\" width=\"2000\" height=\"2000\" srcset=\"https:\/\/novagennix.com\/wp-content\/uploads\/2026\/03\/GLUCOSE-1-01KCTK242CKFYMZEY6787WN7R3-1.png 2000w, https:\/\/novagennix.com\/wp-content\/uploads\/2026\/03\/GLUCOSE-1-01KCTK242CKFYMZEY6787WN7R3-1-300x300.png 300w, https:\/\/novagennix.com\/wp-content\/uploads\/2026\/03\/GLUCOSE-1-01KCTK242CKFYMZEY6787WN7R3-1-1024x1024.png 1024w, https:\/\/novagennix.com\/wp-content\/uploads\/2026\/03\/GLUCOSE-1-01KCTK242CKFYMZEY6787WN7R3-1-150x150.png 150w, https:\/\/novagennix.com\/wp-content\/uploads\/2026\/03\/GLUCOSE-1-01KCTK242CKFYMZEY6787WN7R3-1-768x768.png 768w, https:\/\/novagennix.com\/wp-content\/uploads\/2026\/03\/GLUCOSE-1-01KCTK242CKFYMZEY6787WN7R3-1-1536x1536.png 1536w, https:\/\/novagennix.com\/wp-content\/uploads\/2026\/03\/GLUCOSE-1-01KCTK242CKFYMZEY6787WN7R3-1-12x12.png 12w\" sizes=\"(max-width: 2000px) 100vw, 2000px\" \/><\/span><figcaption class=\"stk-img-figcaption\"> <\/figcaption><\/figure><\/div>\n\n\n\n<p class=\"has-text-align-left\"><strong>MXN$1,370<\/strong><\/p>\n\n\n\n<div class=\"wp-block-stackable-heading stk-block-heading stk-block-heading--v2 stk-block stk-9b2ee33\" id=\"a-href-https-viejo-novagennix-com-mx-products-advanced-pack-a-a-href-https-viejo-novagennix-com-mx-products-novacell-nrf-2-coffee-a-href-https-viejo-novagennix-com-mx-products-novaglucose-nova-glucose-a-a\" data-block-id=\"9b2ee33\"><h3 class=\"stk-block-heading__text\"><a href=\"https:\/\/viejo.novagennix.com\/mx\/products\/advanced-pack\"><\/a><a href=\"https:\/\/viejo.novagennix.com\/mx\/products\/novacell-nrf2-coffee\"><\/a>NovaGlucose<\/h3><\/div>\n\n\n\n<div class=\"wp-block-stackable-button-group stk-block-button-group stk-block stk-78dd3ee\" data-block-id=\"78dd3ee\"><div class=\"stk-row stk-inner-blocks stk-block-content stk-button-group\">\n<div class=\"wp-block-stackable-button stk-block-button is-style-plain stk-block stk-fd1d8cd\" data-block-id=\"fd1d8cd\"><style>.stk-fd1d8cd .stk-button{background:transparent !important;}<\/style><a class=\"stk-link stk-button stk--hover-effect-darken\" href=\"https:\/\/novagennix.com\/novaglucose\/\"><span class=\"stk-button__inner-text\">Ver detalles<\/span><\/a><\/div>\n<\/div><\/div>\n<\/div><\/div><\/div>\n<\/div><\/div>\n\n\n\n<div class=\"wp-block-stackable-feature-grid alignwide stk-block-feature-grid stk-block-columns stk-block stk-e0dd3a7 is-style-default\" data-block-id=\"e0dd3a7\"><div class=\"stk-row stk-inner-blocks has-text-align-center stk-block-content stk-content-align stk-e0dd3a7-column alignwide\">\n<div class=\"wp-block-stackable-column stk-block-column stk-column stk-block stk-6ce069c\" data-v=\"4\" data-block-id=\"6ce069c\"><div class=\"stk-column-wrapper stk-block-column__content stk-container stk-6ce069c-container stk-hover-parent\"><div class=\"stk-block-content stk-inner-blocks stk-6ce069c-inner-blocks\">\n<div class=\"wp-block-stackable-image stk-block-image stk-block stk-3102b93\" data-block-id=\"3102b93\"><figure><span class=\"stk-img-wrapper stk-image--shape-stretch\"><img loading=\"lazy\" decoding=\"async\" class=\"stk-img wp-image-144\" src=\"https:\/\/novagennix.com\/wp-content\/uploads\/2026\/03\/BALANCE-1-01KCTK2SVDQYFD9CSDJEGVMY41-1.png\" width=\"2000\" height=\"2000\" srcset=\"https:\/\/novagennix.com\/wp-content\/uploads\/2026\/03\/BALANCE-1-01KCTK2SVDQYFD9CSDJEGVMY41-1.png 2000w, https:\/\/novagennix.com\/wp-content\/uploads\/2026\/03\/BALANCE-1-01KCTK2SVDQYFD9CSDJEGVMY41-1-300x300.png 300w, https:\/\/novagennix.com\/wp-content\/uploads\/2026\/03\/BALANCE-1-01KCTK2SVDQYFD9CSDJEGVMY41-1-1024x1024.png 1024w, https:\/\/novagennix.com\/wp-content\/uploads\/2026\/03\/BALANCE-1-01KCTK2SVDQYFD9CSDJEGVMY41-1-150x150.png 150w, https:\/\/novagennix.com\/wp-content\/uploads\/2026\/03\/BALANCE-1-01KCTK2SVDQYFD9CSDJEGVMY41-1-768x768.png 768w, https:\/\/novagennix.com\/wp-content\/uploads\/2026\/03\/BALANCE-1-01KCTK2SVDQYFD9CSDJEGVMY41-1-1536x1536.png 1536w, https:\/\/novagennix.com\/wp-content\/uploads\/2026\/03\/BALANCE-1-01KCTK2SVDQYFD9CSDJEGVMY41-1-12x12.png 12w\" sizes=\"(max-width: 2000px) 100vw, 2000px\" \/><\/span><figcaption class=\"stk-img-figcaption\"><\/figcaption><\/figure><\/div>\n\n\n\n<p class=\"has-text-align-left\"><strong>MXN$1,370<\/strong><\/p>\n\n\n\n<div class=\"wp-block-stackable-heading stk-block-heading stk-block-heading--v2 stk-block stk-9e2837d\" id=\"nova-balance\" data-block-id=\"9e2837d\"><h3 class=\"stk-block-heading__text\">NovaBalance<\/h3><\/div>\n\n\n\n<div class=\"wp-block-stackable-button-group stk-block-button-group stk-block stk-2ad56f6\" data-block-id=\"2ad56f6\"><div class=\"stk-row stk-inner-blocks stk-block-content stk-button-group\">\n<div class=\"wp-block-stackable-button stk-block-button is-style-plain stk-block stk-6dcd3e6\" data-block-id=\"6dcd3e6\"><style>.stk-6dcd3e6 .stk-button{background:transparent !important;}<\/style><a class=\"stk-link stk-button stk--hover-effect-darken\" href=\"https:\/\/novagennix.com\/novabalance\/\"><span class=\"stk-button__inner-text\">Ver detalles<\/span><\/a><\/div>\n<\/div><\/div>\n<\/div><\/div><\/div>\n\n\n\n<div class=\"wp-block-stackable-column stk-block-column stk-column stk-block stk-a15c728\" data-v=\"4\" data-block-id=\"a15c728\"><div class=\"stk-column-wrapper stk-block-column__content stk-container stk-a15c728-container stk-hover-parent\"><div class=\"stk-block-content stk-inner-blocks stk-a15c728-inner-blocks\">\n<div class=\"wp-block-stackable-image stk-block-image stk-block stk-6c37604\" data-block-id=\"6c37604\"><\/div>\n\n\n\n<div class=\"wp-block-stackable-heading stk-block-heading stk-block-heading--v2 stk-block stk-0061d33\" data-block-id=\"0061d33\"><h3 class=\"stk-block-heading__text\"><\/h3><\/div>\n<\/div><\/div><\/div>\n\n\n\n<div class=\"wp-block-stackable-column stk-block-column stk-column stk-block stk-905bf78\" data-v=\"4\" data-block-id=\"905bf78\"><div class=\"stk-column-wrapper stk-block-column__content stk-container stk-905bf78-container stk-hover-parent\"><div class=\"stk-block-content stk-inner-blocks stk-905bf78-inner-blocks\">\n<div class=\"wp-block-stackable-image stk-block-image stk-block stk-f933590\" data-block-id=\"f933590\"><\/div>\n\n\n\n<div class=\"wp-block-stackable-heading stk-block-heading stk-block-heading--v2 stk-block stk-e7e2bf8\" data-block-id=\"e7e2bf8\"><h3 class=\"stk-block-heading__text\"><\/h3><\/div>\n<\/div><\/div><\/div>\n<\/div><\/div>\n","protected":false},"excerpt":{"rendered":"<p>MXN$1,370 NovaHarmony Ver detalles MXN$1,370 NovaSerenity Ver detalles MXN$1,370 NovaGlucose Ver detalles MXN$1,370 NovaBalance Ver detalles<\/p>\n","protected":false},"author":1,"featured_media":0,"parent":151,"menu_order":0,"comment_status":"closed","ping_status":"closed","template":"","meta":{"_monsterinsights_skip_tracking":false,"_monsterinsights_sitenote_active":false,"_monsterinsights_sitenote_note":"","_monsterinsights_sitenote_category":0,"site-sidebar-layout":"default","site-content-layout":"","ast-site-content-layout":"default","site-content-style":"default","site-sidebar-style":"default","ast-global-header-display":"","ast-banner-title-visibility":"","ast-main-header-display":"","ast-hfb-above-header-display":"","ast-hfb-below-header-display":"","ast-hfb-mobile-header-display":"","site-post-title":"disabled","ast-breadcrumbs-content":"","ast-featured-img":"","footer-sml-layout":"","ast-disable-related-posts":"","theme-transparent-header-meta":"","adv-header-id-meta":"","stick-header-meta":"","header-above-stick-meta":"","header-main-stick-meta":"","header-below-stick-meta":"","astra-migrate-meta-layouts":"default","ast-page-background-enabled":"default","ast-page-background-meta":{"desktop":{"background-color":"var(--ast-global-color-5)","background-image":"","background-repeat":"repeat","background-position":"center center","background-size":"auto","background-attachment":"scroll","background-type":"","background-media":"","overlay-type":"","overlay-color":"","overlay-opacity":"","overlay-gradient":""},"tablet":{"background-color":"","background-image":"","background-repeat":"repeat","background-position":"center center","background-size":"auto","background-attachment":"scroll","background-type":"","background-media":"","overlay-type":"","overlay-color":"","overlay-opacity":"","overlay-gradient":""},"mobile":{"background-color":"","background-image":"","background-repeat":"repeat","background-position":"center center","background-size":"auto","background-attachment":"scroll","background-type":"","background-media":"","overlay-type":"","overlay-color":"","overlay-opacity":"","overlay-gradient":""}},"ast-content-background-meta":{"desktop":{"background-color":"var(--ast-global-color-4)","background-image":"","background-repeat":"repeat","background-position":"center center","background-size":"auto","background-attachment":"scroll","background-type":"","background-media":"","overlay-type":"","overlay-color":"","overlay-opacity":"","overlay-gradient":""},"tablet":{"background-color":"var(--ast-global-color-4)","background-image":"","background-repeat":"repeat","background-position":"center center","background-size":"auto","background-attachment":"scroll","background-type":"","background-media":"","overlay-type":"","overlay-color":"","overlay-opacity":"","overlay-gradient":""},"mobile":{"background-color":"var(--ast-global-color-4)","background-image":"","background-repeat":"repeat","background-position":"center center","background-size":"auto","background-attachment":"scroll","background-type":"","background-media":"","overlay-type":"","overlay-color":"","overlay-opacity":"","overlay-gradient":""}},"footnotes":""},"class_list":["post-141","page","type-page","status-publish","hentry"],"featured_image_urls_v2":{"full":"","thumbnail":"","medium":"","medium_large":"","large":"","1536x1536":"","2048x2048":"","trp-custom-language-flag":""},"post_excerpt_stackable_v2":"<p>C\u00e1psulas F\u00f3rmulas en c\u00e1psulas dise\u00f1adas para quienes buscan precisi\u00f3n, comodidad y efectividad. Cada dosis concentra activos de alto valor nutrac\u00e9utico para optimizar funciones clave como inmunidad, energ\u00eda, equilibrio hormonal y salud general. MXN$1,370 NovaHarmony Ver detalles MXN$1,370 NovaSerenity Ver detalles MXN$1,370 NovaGlucose Ver detalles MXN$1,370 NovaBalance Ver detalles<\/p>\n","category_list_v2":"","author_info_v2":{"name":"pm3l6","url":"https:\/\/novagennix.com\/es_es\/author\/pm3l6\/"},"comments_num_v2":"0 comentarios","_links":{"self":[{"href":"https:\/\/novagennix.com\/es_es\/wp-json\/wp\/v2\/pages\/141","targetHints":{"allow":["GET"]}}],"collection":[{"href":"https:\/\/novagennix.com\/es_es\/wp-json\/wp\/v2\/pages"}],"about":[{"href":"https:\/\/novagennix.com\/es_es\/wp-json\/wp\/v2\/types\/page"}],"author":[{"embeddable":true,"href":"https:\/\/novagennix.com\/es_es\/wp-json\/wp\/v2\/users\/1"}],"replies":[{"embeddable":true,"href":"https:\/\/novagennix.com\/es_es\/wp-json\/wp\/v2\/comments?post=141"}],"version-history":[{"count":9,"href":"https:\/\/novagennix.com\/es_es\/wp-json\/wp\/v2\/pages\/141\/revisions"}],"predecessor-version":[{"id":446,"href":"https:\/\/novagennix.com\/es_es\/wp-json\/wp\/v2\/pages\/141\/revisions\/446"}],"up":[{"embeddable":true,"href":"https:\/\/novagennix.com\/es_es\/wp-json\/wp\/v2\/pages\/151"}],"wp:attachment":[{"href":"https:\/\/novagennix.com\/es_es\/wp-json\/wp\/v2\/media?parent=141"}],"curies":[{"name":"wp","href":"https:\/\/api.w.org\/{rel}","templated":true}]}}