{"id":130,"date":"2026-03-24T16:01:51","date_gmt":"2026-03-24T16:01:51","guid":{"rendered":"https:\/\/novagennix.com\/newpage\/?page_id=130"},"modified":"2026-03-31T04:36:10","modified_gmt":"2026-03-31T04:36:10","slug":"suplementos-en-polvo","status":"publish","type":"page","link":"https:\/\/novagennix.com\/es_es\/suplementos\/suplementos-en-polvo\/","title":{"rendered":"Suplementos en polvo"},"content":{"rendered":"\n<div style=\"aspect-ratio:auto;min-height:unset;\" class=\"wp-block-cover alignwide has-aspect-ratio\"><img fetchpriority=\"high\" decoding=\"async\" width=\"1024\" height=\"320\" class=\"wp-block-cover__image-background wp-image-132 size-large\" alt=\"\" src=\"https:\/\/novagennix.com\/newpage\/wp-content\/uploads\/2026\/03\/Polvos_a2350af9b4-1-1024x320.png\" data-object-fit=\"cover\" srcset=\"https:\/\/novagennix.com\/wp-content\/uploads\/2026\/03\/Polvos_a2350af9b4-1-1024x320.png 1024w, https:\/\/novagennix.com\/wp-content\/uploads\/2026\/03\/Polvos_a2350af9b4-1-300x94.png 300w, https:\/\/novagennix.com\/wp-content\/uploads\/2026\/03\/Polvos_a2350af9b4-1-768x240.png 768w, https:\/\/novagennix.com\/wp-content\/uploads\/2026\/03\/Polvos_a2350af9b4-1-1536x480.png 1536w, https:\/\/novagennix.com\/wp-content\/uploads\/2026\/03\/Polvos_a2350af9b4-1-18x6.png 18w, https:\/\/novagennix.com\/wp-content\/uploads\/2026\/03\/Polvos_a2350af9b4-1.png 1600w\" sizes=\"(max-width: 1024px) 100vw, 1024px\" \/><span aria-hidden=\"true\" class=\"wp-block-cover__background has-background-dim-100 has-background-dim wp-block-cover__gradient-background has-background-gradient\" style=\"background:linear-gradient(90deg,rgb(0,0,0) 35%,rgba(155,81,224,0) 44%)\"><\/span><div class=\"wp-block-cover__inner-container is-layout-constrained wp-block-cover-is-layout-constrained\">\n<div class=\"wp-block-columns alignwide are-vertically-aligned-center is-layout-flex wp-container-core-columns-is-layout-174606dc wp-block-columns-is-layout-flex\">\n<div class=\"wp-block-column is-vertically-aligned-center ext-animate--on is-layout-flow wp-block-column-is-layout-flow\" style=\"flex-basis:496px\">\n<h1 class=\"wp-block-heading has-white-color has-text-color has-link-color wp-elements-e5445e64b22a467fcc962c9068097d16\" style=\"font-size:57px;font-style:normal;font-weight:900\">Polvos<\/h1>\n\n\n\n<p class=\"has-text-align-left ext-animate--off has-ast-global-color-4-color has-text-color has-link-color wp-elements-ca84c801b068188254dd4a164fb23a98\" style=\"margin-top:var(--wp--preset--spacing--50);margin-right:var(--wp--preset--spacing--80)\">Descubre nuestra l\u00ednea de suplementos en polvo formulados con ingredientes de alta calidad. Dise\u00f1ados para mezclarse f\u00e1cilmente y ofrecer una absorci\u00f3n r\u00e1pida, estos productos brindan apoyo integral a la energ\u00eda, digesti\u00f3n, bienestar celular y rendimiento diario. Perfectos para integrar en tu rutina de forma pr\u00e1ctica y deliciosa.<\/p>\n<\/div>\n\n\n\n<div class=\"wp-block-column is-vertically-aligned-center ext-animate--on is-layout-flow wp-block-column-is-layout-flow\"><\/div>\n<\/div>\n<\/div><\/div>\n\n\n\n<div class=\"wp-block-stackable-feature-grid alignwide stk-block-feature-grid stk-block-columns stk-block stk-4ec0e97 is-style-default\" data-block-id=\"4ec0e97\"><div class=\"stk-row stk-inner-blocks has-text-align-center stk-block-content stk-content-align stk-4ec0e97-column alignwide\">\n<div class=\"wp-block-stackable-column stk-block-column stk-column stk-block stk-7725416\" data-v=\"4\" data-block-id=\"7725416\"><div class=\"stk-column-wrapper stk-block-column__content stk-container stk-7725416-container stk-hover-parent\"><div class=\"stk-block-content stk-inner-blocks stk-7725416-inner-blocks\">\n<div class=\"wp-block-stackable-image stk-block-image stk-block stk-4c2f366\" data-block-id=\"4c2f366\"><figure><span class=\"stk-img-wrapper stk-image--shape-stretch\"><img decoding=\"async\" class=\"stk-img wp-image-133\" src=\"https:\/\/novagennix.com\/wp-content\/uploads\/2026\/03\/DEFENSE-1-01KCTJVX5Y4A5HK336GQ0JFKW3-1.png\" width=\"2000\" height=\"2000\" srcset=\"https:\/\/novagennix.com\/wp-content\/uploads\/2026\/03\/DEFENSE-1-01KCTJVX5Y4A5HK336GQ0JFKW3-1.png 2000w, https:\/\/novagennix.com\/wp-content\/uploads\/2026\/03\/DEFENSE-1-01KCTJVX5Y4A5HK336GQ0JFKW3-1-300x300.png 300w, https:\/\/novagennix.com\/wp-content\/uploads\/2026\/03\/DEFENSE-1-01KCTJVX5Y4A5HK336GQ0JFKW3-1-1024x1024.png 1024w, https:\/\/novagennix.com\/wp-content\/uploads\/2026\/03\/DEFENSE-1-01KCTJVX5Y4A5HK336GQ0JFKW3-1-150x150.png 150w, https:\/\/novagennix.com\/wp-content\/uploads\/2026\/03\/DEFENSE-1-01KCTJVX5Y4A5HK336GQ0JFKW3-1-768x768.png 768w, https:\/\/novagennix.com\/wp-content\/uploads\/2026\/03\/DEFENSE-1-01KCTJVX5Y4A5HK336GQ0JFKW3-1-1536x1536.png 1536w, https:\/\/novagennix.com\/wp-content\/uploads\/2026\/03\/DEFENSE-1-01KCTJVX5Y4A5HK336GQ0JFKW3-1-12x12.png 12w\" sizes=\"(max-width: 2000px) 100vw, 2000px\" \/><\/span><figcaption class=\"stk-img-figcaption\"> <br><\/figcaption><\/figure><\/div>\n\n\n\n<p class=\"has-text-align-left\"><strong>MXN$1,370<\/strong><\/p>\n\n\n\n<div class=\"wp-block-stackable-heading stk-block-heading stk-block-heading--v2 stk-block stk-75a3203\" id=\"a-href-https-viejo-novagennix-com-mx-products-paquete-latino-a-href-https-viejo-novagennix-com-mx-products-novadefense-glutathione-nova-defense-glutathione-a-a\" data-block-id=\"75a3203\"><h3 class=\"stk-block-heading__text\"><a href=\"https:\/\/viejo.novagennix.com\/mx\/products\/paquete-latino\"><\/a>NovaDefense + Glutathione<\/h3><\/div>\n\n\n\n<div class=\"wp-block-stackable-button-group stk-block-button-group stk-block stk-4e45913\" data-block-id=\"4e45913\"><div class=\"stk-row stk-inner-blocks stk-block-content stk-button-group\">\n<div class=\"wp-block-stackable-button stk-block-button is-style-plain stk-block stk-eecb2ef\" data-block-id=\"eecb2ef\"><style>.stk-eecb2ef .stk-button{background:transparent !important;}<\/style><a class=\"stk-link stk-button stk--hover-effect-darken\" href=\"https:\/\/novagennix.com\/novadefense-glutathione\/\"><span class=\"stk-button__inner-text\">Ver detalles<\/span><\/a><\/div>\n<\/div><\/div>\n<\/div><\/div><\/div>\n\n\n\n<div class=\"wp-block-stackable-column stk-block-column stk-column stk-block stk-ad80e39\" data-v=\"4\" data-block-id=\"ad80e39\"><div class=\"stk-column-wrapper stk-block-column__content stk-container stk-ad80e39-container stk-hover-parent\"><div class=\"stk-block-content stk-inner-blocks stk-ad80e39-inner-blocks\">\n<div class=\"wp-block-stackable-image stk-block-image stk-block stk-ab3a432\" data-block-id=\"ab3a432\"><figure><span class=\"stk-img-wrapper stk-image--shape-stretch\"><img decoding=\"async\" class=\"stk-img wp-image-134\" src=\"https:\/\/novagennix.com\/wp-content\/uploads\/2026\/03\/CACAO-1-01KCTJX7JZNSE0YTENJQRTR6TX-1.png\" width=\"2000\" height=\"2000\" srcset=\"https:\/\/novagennix.com\/wp-content\/uploads\/2026\/03\/CACAO-1-01KCTJX7JZNSE0YTENJQRTR6TX-1.png 2000w, https:\/\/novagennix.com\/wp-content\/uploads\/2026\/03\/CACAO-1-01KCTJX7JZNSE0YTENJQRTR6TX-1-300x300.png 300w, https:\/\/novagennix.com\/wp-content\/uploads\/2026\/03\/CACAO-1-01KCTJX7JZNSE0YTENJQRTR6TX-1-1024x1024.png 1024w, https:\/\/novagennix.com\/wp-content\/uploads\/2026\/03\/CACAO-1-01KCTJX7JZNSE0YTENJQRTR6TX-1-150x150.png 150w, https:\/\/novagennix.com\/wp-content\/uploads\/2026\/03\/CACAO-1-01KCTJX7JZNSE0YTENJQRTR6TX-1-768x768.png 768w, https:\/\/novagennix.com\/wp-content\/uploads\/2026\/03\/CACAO-1-01KCTJX7JZNSE0YTENJQRTR6TX-1-1536x1536.png 1536w, https:\/\/novagennix.com\/wp-content\/uploads\/2026\/03\/CACAO-1-01KCTJX7JZNSE0YTENJQRTR6TX-1-12x12.png 12w\" sizes=\"(max-width: 2000px) 100vw, 2000px\" \/><\/span><figcaption class=\"stk-img-figcaption\"> <br><\/figcaption><\/figure><\/div>\n\n\n\n<p class=\"has-text-align-left\"><strong>MXN$1,370<\/strong><\/p>\n\n\n\n<div class=\"wp-block-stackable-heading stk-block-heading stk-block-heading--v2 stk-block stk-62758aa\" id=\"a-href-https-viejo-novagennix-com-mx-products-starter-pack-a-href-https-viejo-novagennix-com-mx-products-novacell-nrf-2-cacao-nova-cell-nrf-2-cacao-a-a\" data-block-id=\"62758aa\"><h3 class=\"stk-block-heading__text\"><a href=\"https:\/\/viejo.novagennix.com\/mx\/products\/starter-pack\"><\/a>NovaCell + NRF2 CACAO<\/h3><\/div>\n\n\n\n<div class=\"wp-block-stackable-button-group stk-block-button-group stk-block stk-225aedd\" data-block-id=\"225aedd\"><div class=\"stk-row stk-inner-blocks stk-block-content stk-button-group\">\n<div class=\"wp-block-stackable-button stk-block-button is-style-plain stk-block stk-a22b91a\" data-block-id=\"a22b91a\"><style>.stk-a22b91a .stk-button{background:transparent !important;}<\/style><a class=\"stk-link stk-button stk--hover-effect-darken\" href=\"https:\/\/novagennix.com\/novacell-nrf2-cacao\/\"><span class=\"stk-button__inner-text\">Ver detalles<\/span><\/a><\/div>\n<\/div><\/div>\n<\/div><\/div><\/div>\n\n\n\n<div class=\"wp-block-stackable-column stk-block-column stk-column stk-block stk-f7980a3\" data-v=\"4\" data-block-id=\"f7980a3\"><div class=\"stk-column-wrapper stk-block-column__content stk-container stk-f7980a3-container stk-hover-parent\"><div class=\"stk-block-content stk-inner-blocks stk-f7980a3-inner-blocks\">\n<div class=\"wp-block-stackable-image stk-block-image stk-block stk-713d037\" data-block-id=\"713d037\"><figure><span class=\"stk-img-wrapper stk-image--shape-stretch\"><img loading=\"lazy\" decoding=\"async\" class=\"stk-img wp-image-135\" src=\"https:\/\/novagennix.com\/wp-content\/uploads\/2026\/03\/CAFE-1-01KCTJYV7WVA0HB3ZRTEWHAFQ2-1.png\" width=\"2000\" height=\"2000\" srcset=\"https:\/\/novagennix.com\/wp-content\/uploads\/2026\/03\/CAFE-1-01KCTJYV7WVA0HB3ZRTEWHAFQ2-1.png 2000w, https:\/\/novagennix.com\/wp-content\/uploads\/2026\/03\/CAFE-1-01KCTJYV7WVA0HB3ZRTEWHAFQ2-1-300x300.png 300w, https:\/\/novagennix.com\/wp-content\/uploads\/2026\/03\/CAFE-1-01KCTJYV7WVA0HB3ZRTEWHAFQ2-1-1024x1024.png 1024w, https:\/\/novagennix.com\/wp-content\/uploads\/2026\/03\/CAFE-1-01KCTJYV7WVA0HB3ZRTEWHAFQ2-1-150x150.png 150w, https:\/\/novagennix.com\/wp-content\/uploads\/2026\/03\/CAFE-1-01KCTJYV7WVA0HB3ZRTEWHAFQ2-1-768x768.png 768w, https:\/\/novagennix.com\/wp-content\/uploads\/2026\/03\/CAFE-1-01KCTJYV7WVA0HB3ZRTEWHAFQ2-1-1536x1536.png 1536w, https:\/\/novagennix.com\/wp-content\/uploads\/2026\/03\/CAFE-1-01KCTJYV7WVA0HB3ZRTEWHAFQ2-1-12x12.png 12w\" sizes=\"(max-width: 2000px) 100vw, 2000px\" \/><\/span><figcaption class=\"stk-img-figcaption\"> <br><\/figcaption><\/figure><\/div>\n\n\n\n<p class=\"has-text-align-left\"><strong>MXN$1,370<\/strong><\/p>\n\n\n\n<div class=\"wp-block-stackable-heading stk-block-heading stk-block-heading--v2 stk-block stk-4a1586b\" id=\"a-href-https-viejo-novagennix-com-mx-products-advanced-pack-a-href-https-viejo-novagennix-com-mx-products-novacell-nrf-2-coffee-nova-cell-nrf-2-coffee-a-a\" data-block-id=\"4a1586b\"><h3 class=\"stk-block-heading__text\"><a href=\"https:\/\/viejo.novagennix.com\/mx\/products\/advanced-pack\"><\/a>NovaCell + NRF2 COFFEE<\/h3><\/div>\n\n\n\n<div class=\"wp-block-stackable-button-group stk-block-button-group stk-block stk-863c317\" data-block-id=\"863c317\"><div class=\"stk-row stk-inner-blocks stk-block-content stk-button-group\">\n<div class=\"wp-block-stackable-button stk-block-button is-style-plain stk-block stk-c42029e\" data-block-id=\"c42029e\"><style>.stk-c42029e .stk-button{background:transparent !important;}<\/style><a class=\"stk-link stk-button stk--hover-effect-darken\" href=\"https:\/\/novagennix.com\/novacell-nrf2-coffee2\/\"><span class=\"stk-button__inner-text\">Ver detalles<\/span><\/a><\/div>\n<\/div><\/div>\n<\/div><\/div><\/div>\n<\/div><\/div>\n\n\n\n<div class=\"wp-block-stackable-feature-grid alignwide stk-block-feature-grid stk-block-columns stk-block stk-8a351fd is-style-default\" data-block-id=\"8a351fd\"><div class=\"stk-row stk-inner-blocks has-text-align-center stk-block-content stk-content-align stk-8a351fd-column alignwide\">\n<div class=\"wp-block-stackable-column stk-block-column stk-column stk-block stk-fd9d0a0\" data-v=\"4\" data-block-id=\"fd9d0a0\"><div class=\"stk-column-wrapper stk-block-column__content stk-container stk-fd9d0a0-container stk-hover-parent\"><div class=\"stk-block-content stk-inner-blocks stk-fd9d0a0-inner-blocks\">\n<div class=\"wp-block-stackable-image stk-block-image stk-block stk-a17c807\" data-block-id=\"a17c807\"><figure><span class=\"stk-img-wrapper stk-image--shape-stretch\"><img loading=\"lazy\" decoding=\"async\" class=\"stk-img wp-image-136\" src=\"https:\/\/novagennix.com\/wp-content\/uploads\/2026\/03\/VITALITY-1-01KCTK03TSR53DKPB1KNCERCYP-1.png\" width=\"2000\" height=\"2000\" srcset=\"https:\/\/novagennix.com\/wp-content\/uploads\/2026\/03\/VITALITY-1-01KCTK03TSR53DKPB1KNCERCYP-1.png 2000w, https:\/\/novagennix.com\/wp-content\/uploads\/2026\/03\/VITALITY-1-01KCTK03TSR53DKPB1KNCERCYP-1-300x300.png 300w, https:\/\/novagennix.com\/wp-content\/uploads\/2026\/03\/VITALITY-1-01KCTK03TSR53DKPB1KNCERCYP-1-1024x1024.png 1024w, https:\/\/novagennix.com\/wp-content\/uploads\/2026\/03\/VITALITY-1-01KCTK03TSR53DKPB1KNCERCYP-1-150x150.png 150w, https:\/\/novagennix.com\/wp-content\/uploads\/2026\/03\/VITALITY-1-01KCTK03TSR53DKPB1KNCERCYP-1-768x768.png 768w, https:\/\/novagennix.com\/wp-content\/uploads\/2026\/03\/VITALITY-1-01KCTK03TSR53DKPB1KNCERCYP-1-1536x1536.png 1536w, https:\/\/novagennix.com\/wp-content\/uploads\/2026\/03\/VITALITY-1-01KCTK03TSR53DKPB1KNCERCYP-1-12x12.png 12w\" sizes=\"(max-width: 2000px) 100vw, 2000px\" \/><\/span><figcaption class=\"stk-img-figcaption\"> <br><\/figcaption><\/figure><\/div>\n\n\n\n<p class=\"has-text-align-left\"><strong>MXN$1,370<\/strong><\/p>\n\n\n\n<div class=\"wp-block-stackable-heading stk-block-heading stk-block-heading--v2 stk-block stk-b9b5c8e\" id=\"a-href-https-viejo-novagennix-com-mx-products-paquete-latino-a-href-https-viejo-novagennix-com-mx-products-nova-vitality-nad-nova-vitality-nad\u207a-a-a\" data-block-id=\"b9b5c8e\"><h3 class=\"stk-block-heading__text\"><a href=\"https:\/\/viejo.novagennix.com\/mx\/products\/paquete-latino\"><\/a>Nova Vitality NAD\u207a<\/h3><\/div>\n\n\n\n<div class=\"wp-block-stackable-button-group stk-block-button-group stk-block stk-81be854\" data-block-id=\"81be854\"><div class=\"stk-row stk-inner-blocks stk-block-content stk-button-group\">\n<div class=\"wp-block-stackable-button stk-block-button is-style-plain stk-block stk-9a92922\" data-block-id=\"9a92922\"><style>.stk-9a92922 .stk-button{background:transparent !important;}<\/style><a class=\"stk-link stk-button stk--hover-effect-darken\" href=\"https:\/\/novagennix.com\/nova-vitality-nad%e2%81%ba\/\"><span class=\"stk-button__inner-text\">Ver detalles<\/span><\/a><\/div>\n<\/div><\/div>\n<\/div><\/div><\/div>\n\n\n\n<div class=\"wp-block-stackable-column stk-block-column stk-column stk-block stk-5dd9c6d\" data-v=\"4\" data-block-id=\"5dd9c6d\"><div class=\"stk-column-wrapper stk-block-column__content stk-container stk-5dd9c6d-container stk-hover-parent\"><div class=\"stk-block-content stk-inner-blocks stk-5dd9c6d-inner-blocks\">\n<div class=\"wp-block-stackable-image stk-block-image stk-block stk-df6c980\" data-block-id=\"df6c980\"><figure><span class=\"stk-img-wrapper stk-image--shape-stretch\"><img loading=\"lazy\" decoding=\"async\" class=\"stk-img wp-image-137\" src=\"https:\/\/novagennix.com\/wp-content\/uploads\/2026\/03\/GOLDEN-1-01KCTK0QPW9SQ984K1WX1GA919-1.png\" width=\"2000\" height=\"2000\" srcset=\"https:\/\/novagennix.com\/wp-content\/uploads\/2026\/03\/GOLDEN-1-01KCTK0QPW9SQ984K1WX1GA919-1.png 2000w, https:\/\/novagennix.com\/wp-content\/uploads\/2026\/03\/GOLDEN-1-01KCTK0QPW9SQ984K1WX1GA919-1-300x300.png 300w, https:\/\/novagennix.com\/wp-content\/uploads\/2026\/03\/GOLDEN-1-01KCTK0QPW9SQ984K1WX1GA919-1-1024x1024.png 1024w, https:\/\/novagennix.com\/wp-content\/uploads\/2026\/03\/GOLDEN-1-01KCTK0QPW9SQ984K1WX1GA919-1-150x150.png 150w, https:\/\/novagennix.com\/wp-content\/uploads\/2026\/03\/GOLDEN-1-01KCTK0QPW9SQ984K1WX1GA919-1-768x768.png 768w, https:\/\/novagennix.com\/wp-content\/uploads\/2026\/03\/GOLDEN-1-01KCTK0QPW9SQ984K1WX1GA919-1-1536x1536.png 1536w, https:\/\/novagennix.com\/wp-content\/uploads\/2026\/03\/GOLDEN-1-01KCTK0QPW9SQ984K1WX1GA919-1-12x12.png 12w\" sizes=\"(max-width: 2000px) 100vw, 2000px\" \/><\/span><figcaption class=\"stk-img-figcaption\"> <br><\/figcaption><\/figure><\/div>\n\n\n\n<p class=\"has-text-align-left\"><strong>MXN$1,370<\/strong><\/p>\n\n\n\n<div class=\"wp-block-stackable-heading stk-block-heading stk-block-heading--v2 stk-block stk-d892bf8\" id=\"a-href-https-viejo-novagennix-com-mx-products-starter-pack-a-href-https-viejo-novagennix-com-mx-products-novagolden-nrf-2-nova-golden-nrf-2-a-a\" data-block-id=\"d892bf8\"><h3 class=\"stk-block-heading__text\"><a href=\"https:\/\/viejo.novagennix.com\/mx\/products\/starter-pack\"><\/a>NovaGolden +NRF2<\/h3><\/div>\n\n\n\n<div class=\"wp-block-stackable-button-group stk-block-button-group stk-block stk-b04b7fa\" data-block-id=\"b04b7fa\"><div class=\"stk-row stk-inner-blocks stk-block-content stk-button-group\">\n<div class=\"wp-block-stackable-button stk-block-button is-style-plain stk-block stk-7b0219b\" data-block-id=\"7b0219b\"><style>.stk-7b0219b .stk-button{background:transparent !important;}<\/style><a class=\"stk-link stk-button stk--hover-effect-darken\" href=\"https:\/\/novagennix.com\/novagolden-nrf2\/\"><span class=\"stk-button__inner-text\">Ver detalles<\/span><\/a><\/div>\n<\/div><\/div>\n<\/div><\/div><\/div>\n\n\n\n<div class=\"wp-block-stackable-column stk-block-column stk-column stk-block stk-41e769a\" data-v=\"4\" data-block-id=\"41e769a\"><div class=\"stk-column-wrapper stk-block-column__content stk-container stk-41e769a-container stk-hover-parent\"><div class=\"stk-block-content stk-inner-blocks stk-41e769a-inner-blocks\">\n<div class=\"wp-block-stackable-image stk-block-image stk-block stk-78d1f95\" data-block-id=\"78d1f95\"><figure><span class=\"stk-img-wrapper stk-image--shape-stretch\"><img loading=\"lazy\" decoding=\"async\" class=\"stk-img wp-image-138\" src=\"https:\/\/novagennix.com\/wp-content\/uploads\/2026\/03\/LIFE-1-01KCTK1DR88T9S19S3KS2W8Q2A-1.png\" width=\"2000\" height=\"2000\" srcset=\"https:\/\/novagennix.com\/wp-content\/uploads\/2026\/03\/LIFE-1-01KCTK1DR88T9S19S3KS2W8Q2A-1.png 2000w, https:\/\/novagennix.com\/wp-content\/uploads\/2026\/03\/LIFE-1-01KCTK1DR88T9S19S3KS2W8Q2A-1-300x300.png 300w, https:\/\/novagennix.com\/wp-content\/uploads\/2026\/03\/LIFE-1-01KCTK1DR88T9S19S3KS2W8Q2A-1-1024x1024.png 1024w, https:\/\/novagennix.com\/wp-content\/uploads\/2026\/03\/LIFE-1-01KCTK1DR88T9S19S3KS2W8Q2A-1-150x150.png 150w, https:\/\/novagennix.com\/wp-content\/uploads\/2026\/03\/LIFE-1-01KCTK1DR88T9S19S3KS2W8Q2A-1-768x768.png 768w, https:\/\/novagennix.com\/wp-content\/uploads\/2026\/03\/LIFE-1-01KCTK1DR88T9S19S3KS2W8Q2A-1-1536x1536.png 1536w, https:\/\/novagennix.com\/wp-content\/uploads\/2026\/03\/LIFE-1-01KCTK1DR88T9S19S3KS2W8Q2A-1-12x12.png 12w\" sizes=\"(max-width: 2000px) 100vw, 2000px\" \/><\/span><figcaption class=\"stk-img-figcaption\"> <br><\/figcaption><\/figure><\/div>\n\n\n\n<p class=\"has-text-align-left\"><strong>MXN$1,370<\/strong><\/p>\n\n\n\n<div class=\"wp-block-stackable-heading stk-block-heading stk-block-heading--v2 stk-block stk-f6b6ac7\" id=\"a-href-https-viejo-novagennix-com-mx-products-advanced-pack-a-href-https-viejo-novagennix-com-mx-products-novalife-pre-pro-postbiotics-nova-life-pre-pro-postbiotics-a-a\" data-block-id=\"f6b6ac7\"><h3 class=\"stk-block-heading__text\"><a href=\"https:\/\/viejo.novagennix.com\/mx\/products\/advanced-pack\"><\/a>NovaLife Pre + Pro + Post biotics<\/h3><\/div>\n\n\n\n<div class=\"wp-block-stackable-button-group stk-block-button-group stk-block stk-d2bcb0a\" data-block-id=\"d2bcb0a\"><div class=\"stk-row stk-inner-blocks stk-block-content stk-button-group\">\n<div class=\"wp-block-stackable-button stk-block-button is-style-plain stk-block stk-615255b\" data-block-id=\"615255b\"><style>.stk-615255b .stk-button{background:transparent !important;}<\/style><a class=\"stk-link stk-button stk--hover-effect-darken\" href=\"https:\/\/novagennix.com\/novalife-pre-pro-postbiotics\/\"><span class=\"stk-button__inner-text\">Ver detalles<\/span><\/a><\/div>\n<\/div><\/div>\n<\/div><\/div><\/div>\n<\/div><\/div>\n\n\n\n<p><\/p>\n","protected":false},"excerpt":{"rendered":"<p>MXN$1,370 NovaDefense + Glutathione Ver detalles MXN$1,370 NovaCell + NRF2 CACAO Ver detalles MXN$1,370 NovaCell + NRF2 COFFEE Ver detalles [&hellip;]<\/p>\n","protected":false},"author":1,"featured_media":0,"parent":151,"menu_order":0,"comment_status":"closed","ping_status":"closed","template":"","meta":{"_monsterinsights_skip_tracking":false,"_monsterinsights_sitenote_active":false,"_monsterinsights_sitenote_note":"","_monsterinsights_sitenote_category":0,"site-sidebar-layout":"default","site-content-layout":"","ast-site-content-layout":"default","site-content-style":"default","site-sidebar-style":"default","ast-global-header-display":"","ast-banner-title-visibility":"","ast-main-header-display":"","ast-hfb-above-header-display":"","ast-hfb-below-header-display":"","ast-hfb-mobile-header-display":"","site-post-title":"disabled","ast-breadcrumbs-content":"","ast-featured-img":"","footer-sml-layout":"","ast-disable-related-posts":"","theme-transparent-header-meta":"","adv-header-id-meta":"","stick-header-meta":"","header-above-stick-meta":"","header-main-stick-meta":"","header-below-stick-meta":"","astra-migrate-meta-layouts":"default","ast-page-background-enabled":"default","ast-page-background-meta":{"desktop":{"background-color":"var(--ast-global-color-5)","background-image":"","background-repeat":"repeat","background-position":"center center","background-size":"auto","background-attachment":"scroll","background-type":"","background-media":"","overlay-type":"","overlay-color":"","overlay-opacity":"","overlay-gradient":""},"tablet":{"background-color":"","background-image":"","background-repeat":"repeat","background-position":"center center","background-size":"auto","background-attachment":"scroll","background-type":"","background-media":"","overlay-type":"","overlay-color":"","overlay-opacity":"","overlay-gradient":""},"mobile":{"background-color":"","background-image":"","background-repeat":"repeat","background-position":"center center","background-size":"auto","background-attachment":"scroll","background-type":"","background-media":"","overlay-type":"","overlay-color":"","overlay-opacity":"","overlay-gradient":""}},"ast-content-background-meta":{"desktop":{"background-color":"var(--ast-global-color-4)","background-image":"","background-repeat":"repeat","background-position":"center center","background-size":"auto","background-attachment":"scroll","background-type":"","background-media":"","overlay-type":"","overlay-color":"","overlay-opacity":"","overlay-gradient":""},"tablet":{"background-color":"var(--ast-global-color-4)","background-image":"","background-repeat":"repeat","background-position":"center center","background-size":"auto","background-attachment":"scroll","background-type":"","background-media":"","overlay-type":"","overlay-color":"","overlay-opacity":"","overlay-gradient":""},"mobile":{"background-color":"var(--ast-global-color-4)","background-image":"","background-repeat":"repeat","background-position":"center center","background-size":"auto","background-attachment":"scroll","background-type":"","background-media":"","overlay-type":"","overlay-color":"","overlay-opacity":"","overlay-gradient":""}},"footnotes":""},"class_list":["post-130","page","type-page","status-publish","hentry"],"featured_image_urls_v2":{"full":"","thumbnail":"","medium":"","medium_large":"","large":"","1536x1536":"","2048x2048":"","trp-custom-language-flag":""},"post_excerpt_stackable_v2":"<p>Polvos Descubre nuestra l\u00ednea de suplementos en polvo formulados con ingredientes de alta calidad. Dise\u00f1ados para mezclarse f\u00e1cilmente y ofrecer una absorci\u00f3n r\u00e1pida, estos productos brindan apoyo integral a la energ\u00eda, digesti\u00f3n, bienestar celular y rendimiento diario. Perfectos para integrar en tu rutina de forma pr\u00e1ctica y deliciosa. MXN$1,370 NovaDefense + Glutathione Ver detalles MXN$1,370 NovaCell + NRF2 CACAO Ver detalles MXN$1,370 NovaCell + NRF2 COFFEE Ver detalles MXN$1,370 Nova Vitality NAD\u207a Ver detalles MXN$1,370 NovaGolden +NRF2 Ver detalles MXN$1,370 NovaLife Pre + Pro + Post biotics Ver detalles<\/p>\n","category_list_v2":"","author_info_v2":{"name":"pm3l6","url":"https:\/\/novagennix.com\/es_es\/author\/pm3l6\/"},"comments_num_v2":"0 comentarios","_links":{"self":[{"href":"https:\/\/novagennix.com\/es_es\/wp-json\/wp\/v2\/pages\/130","targetHints":{"allow":["GET"]}}],"collection":[{"href":"https:\/\/novagennix.com\/es_es\/wp-json\/wp\/v2\/pages"}],"about":[{"href":"https:\/\/novagennix.com\/es_es\/wp-json\/wp\/v2\/types\/page"}],"author":[{"embeddable":true,"href":"https:\/\/novagennix.com\/es_es\/wp-json\/wp\/v2\/users\/1"}],"replies":[{"embeddable":true,"href":"https:\/\/novagennix.com\/es_es\/wp-json\/wp\/v2\/comments?post=130"}],"version-history":[{"count":5,"href":"https:\/\/novagennix.com\/es_es\/wp-json\/wp\/v2\/pages\/130\/revisions"}],"predecessor-version":[{"id":444,"href":"https:\/\/novagennix.com\/es_es\/wp-json\/wp\/v2\/pages\/130\/revisions\/444"}],"up":[{"embeddable":true,"href":"https:\/\/novagennix.com\/es_es\/wp-json\/wp\/v2\/pages\/151"}],"wp:attachment":[{"href":"https:\/\/novagennix.com\/es_es\/wp-json\/wp\/v2\/media?parent=130"}],"curies":[{"name":"wp","href":"https:\/\/api.w.org\/{rel}","templated":true}]}}