{"id":289,"date":"2026-03-24T18:35:32","date_gmt":"2026-03-24T18:35:32","guid":{"rendered":"https:\/\/novagennix.com\/newpage\/?page_id=289"},"modified":"2026-04-16T23:26:29","modified_gmt":"2026-04-16T23:26:29","slug":"supreme-pack","status":"publish","type":"page","link":"https:\/\/novagennix.com\/en\/supreme-pack\/","title":{"rendered":"SUPREME PACK"},"content":{"rendered":"<div class=\"wp-block-stackable-feature stk-block-feature stk-block stk-d1b3f06 is-style-default\" data-v=\"2\" data-block-id=\"d1b3f06\"><style>.stk-d1b3f06 {--stk-feature-flex-wrap:nowrap !important;}<\/style><div class=\"stk-content-align stk-d1b3f06-column stk-container stk-d1b3f06-container stk--no-background stk--no-padding\"><div class=\"stk-inner-blocks stk-block-content stk-row\">\n<div class=\"wp-block-stackable-column stk-block-column stk-column stk-block stk-d23a3f3\" data-v=\"4\" data-block-id=\"d23a3f3\"><style>.stk-d23a3f3 {align-self:center !important;}<\/style><div class=\"stk-column-wrapper stk-block-column__content stk-container stk-d23a3f3-container stk--no-background stk--no-padding\"><div class=\"stk-block-content stk-inner-blocks stk-d23a3f3-inner-blocks\">\n<div class=\"wp-block-stackable-image stk-block-image stk-block stk-0fad55f\" data-block-id=\"0fad55f\"><figure><span class=\"stk-img-wrapper stk-image--shape-stretch\"><img fetchpriority=\"high\" decoding=\"async\" class=\"stk-img wp-image-125\" src=\"https:\/\/novagennix.com\/wp-content\/uploads\/2026\/03\/WhatsApp-Image-2025-11-23-at-21.10.31-01KAV0QXS7PBAKT1B57CQVRP41.jpeg\" width=\"1600\" height=\"1600\" srcset=\"https:\/\/novagennix.com\/wp-content\/uploads\/2026\/03\/WhatsApp-Image-2025-11-23-at-21.10.31-01KAV0QXS7PBAKT1B57CQVRP41.jpeg 1600w, https:\/\/novagennix.com\/wp-content\/uploads\/2026\/03\/WhatsApp-Image-2025-11-23-at-21.10.31-01KAV0QXS7PBAKT1B57CQVRP41-300x300.jpeg 300w, https:\/\/novagennix.com\/wp-content\/uploads\/2026\/03\/WhatsApp-Image-2025-11-23-at-21.10.31-01KAV0QXS7PBAKT1B57CQVRP41-1024x1024.jpeg 1024w, https:\/\/novagennix.com\/wp-content\/uploads\/2026\/03\/WhatsApp-Image-2025-11-23-at-21.10.31-01KAV0QXS7PBAKT1B57CQVRP41-150x150.jpeg 150w, https:\/\/novagennix.com\/wp-content\/uploads\/2026\/03\/WhatsApp-Image-2025-11-23-at-21.10.31-01KAV0QXS7PBAKT1B57CQVRP41-768x768.jpeg 768w, https:\/\/novagennix.com\/wp-content\/uploads\/2026\/03\/WhatsApp-Image-2025-11-23-at-21.10.31-01KAV0QXS7PBAKT1B57CQVRP41-1536x1536.jpeg 1536w, https:\/\/novagennix.com\/wp-content\/uploads\/2026\/03\/WhatsApp-Image-2025-11-23-at-21.10.31-01KAV0QXS7PBAKT1B57CQVRP41-12x12.jpeg 12w\" sizes=\"(max-width: 1600px) 100vw, 1600px\" \/><\/span><\/figure><\/div>\n<\/div><\/div><\/div>\n\n\n\n<div class=\"wp-block-stackable-column stk-block-column stk-column stk-block stk-457cadc\" data-v=\"4\" data-block-id=\"457cadc\"><style>.stk-457cadc {align-self:center !important;}<\/style><div class=\"stk-column-wrapper stk-block-column__content stk-container stk-457cadc-container stk--no-background stk--no-padding\"><div class=\"stk-block-content stk-inner-blocks stk-457cadc-inner-blocks\">\n<div class=\"wp-block-stackable-heading stk-block-heading stk-block-heading--v2 stk-block stk-15ad4fd\" id=\"supreme-pack\" data-block-id=\"15ad4fd\"><style>.stk-15ad4fd .stk-block-heading__text{color:#19016d !important;}<\/style><h2 class=\"stk-block-heading__text has-text-color\">SUPREME PACK<\/h2><\/div>\n\n\n\n<div class=\"wp-block-columns is-layout-flex wp-container-core-columns-is-layout-28f84493 wp-block-columns-is-layout-flex\">\n<div class=\"wp-block-column is-layout-flow wp-block-column-is-layout-flow\">\n<p class=\"has-text-align-left has-ast-global-color-1-color has-text-color has-background has-link-color has-small-font-size wp-elements-67ec6cfa55b17173fa60d1c8044f3369\" style=\"border-style:none;border-width:0px;border-top-left-radius:100px;border-top-right-radius:100px;border-bottom-left-radius:100px;border-bottom-right-radius:100px;background-color:#045cb54d;padding-top:0;padding-bottom:0\"><strong><strong><strong><strong><strong><strong><strong><strong><strong>Supreme Pack<\/strong><\/strong><\/strong><\/strong><\/strong><\/strong><\/strong><\/strong><\/strong><\/p>\n<\/div>\n\n\n\n<div class=\"wp-block-column is-layout-flow wp-block-column-is-layout-flow\"><\/div>\n<\/div>\n\n\n\n<div class=\"wp-block-stackable-text stk-block-text stk-block stk-146c879\" data-block-id=\"146c879\"><p class=\"stk-block-text__text\">The ultimate pack for those who want the maximum transformation with all the benefits of the NovaGennix line.<br><\/p><\/div>\n\n\n\n<h3 class=\"wp-block-heading has-text-color has-link-color wp-elements-1a809ece8bfaedcf470f620301b8c28c\" style=\"color:#19016d\">Benefits:<\/h3>\n\n\n\n<ul class=\"wp-block-list\">\n<li>Complete NovaGennix line<\/li>\n\n\n\n<li>Maximum possible transformation<\/li>\n\n\n\n<li>Proven results<\/li>\n\n\n\n<li>Dedicated executive support<\/li>\n\n\n\n<li>Best price per unit<\/li>\n<\/ul>\n\n\n\n<h2 class=\"wp-block-heading has-text-color has-link-color wp-elements-658868f25b0bf09265b4412f36a8fed1\" style=\"color:#19016d\">USD$655<\/h2>\n\n\n\n<div class=\"wp-block-stackable-button-group stk-block-button-group stk-block stk-661c9ab\" data-block-id=\"661c9ab\"><div class=\"stk-row stk-inner-blocks stk-block-content stk-button-group\">\n<div class=\"wp-block-stackable-button stk-block-button stk-block stk-fab95d6\" data-block-id=\"fab95d6\"><a class=\"stk-link stk-button stk--hover-effect-darken\" href=\"https:\/\/logistica.novagennix.com:1031\/n\/iCommerce\/modules\/mod_nova_gennix\/login.jsp\"><span class=\"stk-button__inner-text\">Buy Now<\/span><\/a><\/div>\n\n\n\n<div class=\"wp-block-stackable-button stk-block-button stk-block stk-30d30e2\" data-block-id=\"30d30e2\"><style>.stk-30d30e2 .stk-button{background:#060699 !important;}<\/style><a class=\"stk-link stk-button stk--hover-effect-darken\" href=\"https:\/\/logistica.novagennix.com:1031\/n\/iCommerce\/modules\/mod_nova_gennix\/login.jsp\"><span class=\"stk-button__inner-text\">Join the NovaGennix Network<\/span><\/a><\/div>\n<\/div><\/div>\n<\/div><\/div><\/div>\n<\/div><\/div><\/div>\n\n\n\n<p class=\"has-text-align-center\">*These statements have not been evaluated by the Food and Drug Administration. These products are not intended to diagnose, treat, cure, or prevent any disease.<\/p>\n\n\n\n<div style=\"height:100px\" aria-hidden=\"true\" class=\"wp-block-spacer\"><\/div>","protected":false},"excerpt":{"rendered":"<p>SUPREME PACK Paquete Supremo El paquete definitivo para quienes quieren la m\u00e1xima transformaci\u00f3n con todos los beneficios de la l\u00ednea [&hellip;]<\/p>\n","protected":false},"author":1,"featured_media":0,"parent":0,"menu_order":0,"comment_status":"closed","ping_status":"closed","template":"","meta":{"_monsterinsights_skip_tracking":false,"_monsterinsights_sitenote_active":false,"_monsterinsights_sitenote_note":"","_monsterinsights_sitenote_category":0,"site-sidebar-layout":"default","site-content-layout":"","ast-site-content-layout":"default","site-content-style":"default","site-sidebar-style":"default","ast-global-header-display":"","ast-banner-title-visibility":"","ast-main-header-display":"","ast-hfb-above-header-display":"","ast-hfb-below-header-display":"","ast-hfb-mobile-header-display":"","site-post-title":"disabled","ast-breadcrumbs-content":"","ast-featured-img":"","footer-sml-layout":"","ast-disable-related-posts":"","theme-transparent-header-meta":"","adv-header-id-meta":"","stick-header-meta":"","header-above-stick-meta":"","header-main-stick-meta":"","header-below-stick-meta":"","astra-migrate-meta-layouts":"default","ast-page-background-enabled":"default","ast-page-background-meta":{"desktop":{"background-color":"var(--ast-global-color-5)","background-image":"","background-repeat":"repeat","background-position":"center center","background-size":"auto","background-attachment":"scroll","background-type":"","background-media":"","overlay-type":"","overlay-color":"","overlay-opacity":"","overlay-gradient":""},"tablet":{"background-color":"","background-image":"","background-repeat":"repeat","background-position":"center center","background-size":"auto","background-attachment":"scroll","background-type":"","background-media":"","overlay-type":"","overlay-color":"","overlay-opacity":"","overlay-gradient":""},"mobile":{"background-color":"","background-image":"","background-repeat":"repeat","background-position":"center center","background-size":"auto","background-attachment":"scroll","background-type":"","background-media":"","overlay-type":"","overlay-color":"","overlay-opacity":"","overlay-gradient":""}},"ast-content-background-meta":{"desktop":{"background-color":"var(--ast-global-color-4)","background-image":"","background-repeat":"repeat","background-position":"center center","background-size":"auto","background-attachment":"scroll","background-type":"","background-media":"","overlay-type":"","overlay-color":"","overlay-opacity":"","overlay-gradient":""},"tablet":{"background-color":"var(--ast-global-color-4)","background-image":"","background-repeat":"repeat","background-position":"center center","background-size":"auto","background-attachment":"scroll","background-type":"","background-media":"","overlay-type":"","overlay-color":"","overlay-opacity":"","overlay-gradient":""},"mobile":{"background-color":"var(--ast-global-color-4)","background-image":"","background-repeat":"repeat","background-position":"center center","background-size":"auto","background-attachment":"scroll","background-type":"","background-media":"","overlay-type":"","overlay-color":"","overlay-opacity":"","overlay-gradient":""}},"footnotes":""},"class_list":["post-289","page","type-page","status-publish","hentry"],"featured_image_urls_v2":{"full":"","thumbnail":"","medium":"","medium_large":"","large":"","1536x1536":"","2048x2048":"","trp-custom-language-flag":""},"post_excerpt_stackable_v2":"<p>SUPREME PACK Paquete Supremo El paquete definitivo para quienes quieren la m\u00e1xima transformaci\u00f3n con todos los beneficios de la l\u00ednea NovaGennix. Beneficios: L\u00ednea completa NovaGennix M\u00e1xima transformaci\u00f3n posible Resultados comprobados Soporte ejecutivo dedicado Mejor precio por unidad MX$13,995.00 Comprar Ahora \u00danete a la red NovaGennix *Estas declaraciones no han sido evaluadas por la Administraci\u00f3n de Alimentos y Medicamentos. Estos productos no est\u00e1n destinados a diagnosticar, tratar, curar ni prevenir ninguna enfermedad.<\/p>\n","category_list_v2":"","author_info_v2":{"name":"pm3l6","url":"https:\/\/novagennix.com\/en\/author\/pm3l6\/"},"comments_num_v2":"0 comments","_links":{"self":[{"href":"https:\/\/novagennix.com\/en\/wp-json\/wp\/v2\/pages\/289","targetHints":{"allow":["GET"]}}],"collection":[{"href":"https:\/\/novagennix.com\/en\/wp-json\/wp\/v2\/pages"}],"about":[{"href":"https:\/\/novagennix.com\/en\/wp-json\/wp\/v2\/types\/page"}],"author":[{"embeddable":true,"href":"https:\/\/novagennix.com\/en\/wp-json\/wp\/v2\/users\/1"}],"replies":[{"embeddable":true,"href":"https:\/\/novagennix.com\/en\/wp-json\/wp\/v2\/comments?post=289"}],"version-history":[{"count":4,"href":"https:\/\/novagennix.com\/en\/wp-json\/wp\/v2\/pages\/289\/revisions"}],"predecessor-version":[{"id":527,"href":"https:\/\/novagennix.com\/en\/wp-json\/wp\/v2\/pages\/289\/revisions\/527"}],"wp:attachment":[{"href":"https:\/\/novagennix.com\/en\/wp-json\/wp\/v2\/media?parent=289"}],"curies":[{"name":"wp","href":"https:\/\/api.w.org\/{rel}","templated":true}]}}