{"id":230,"date":"2026-03-24T17:22:50","date_gmt":"2026-03-24T17:22:50","guid":{"rendered":"https:\/\/novagennix.com\/newpage\/?page_id=230"},"modified":"2026-04-20T15:42:01","modified_gmt":"2026-04-20T15:42:01","slug":"novacell-nrf2-cacao","status":"publish","type":"page","link":"https:\/\/novagennix.com\/en\/novacell-nrf2-cacao\/","title":{"rendered":"NovaCell + NRF2 CACAO"},"content":{"rendered":"<div class=\"wp-block-stackable-feature stk-block-feature stk-block stk-d1b3f06 is-style-default\" data-v=\"2\" data-block-id=\"d1b3f06\"><style>.stk-d1b3f06 {--stk-feature-flex-wrap:nowrap !important;}<\/style><div class=\"stk-content-align stk-d1b3f06-column stk-container stk-d1b3f06-container stk--no-background stk--no-padding\"><div class=\"stk-inner-blocks stk-block-content stk-row\">\n<div class=\"wp-block-stackable-column stk-block-column stk-column stk-block stk-d23a3f3\" data-v=\"4\" data-block-id=\"d23a3f3\"><style>.stk-d23a3f3 {align-self:center !important;}<\/style><div class=\"stk-column-wrapper stk-block-column__content stk-container stk-d23a3f3-container stk--no-background stk--no-padding\"><div class=\"stk-block-content stk-inner-blocks stk-d23a3f3-inner-blocks\">\n<div class=\"wp-block-stackable-image stk-block-image stk-block stk-0fad55f\" data-block-id=\"0fad55f\"><figure><span class=\"stk-img-wrapper stk-image--shape-stretch\"><img fetchpriority=\"high\" decoding=\"async\" class=\"stk-img wp-image-535\" src=\"https:\/\/novagennix.com\/wp-content\/uploads\/2026\/04\/CACAO-ACTUAL.jpeg\" width=\"1000\" height=\"1000\" srcset=\"https:\/\/novagennix.com\/wp-content\/uploads\/2026\/04\/CACAO-ACTUAL.jpeg 1000w, https:\/\/novagennix.com\/wp-content\/uploads\/2026\/04\/CACAO-ACTUAL-300x300.jpeg 300w, https:\/\/novagennix.com\/wp-content\/uploads\/2026\/04\/CACAO-ACTUAL-150x150.jpeg 150w, https:\/\/novagennix.com\/wp-content\/uploads\/2026\/04\/CACAO-ACTUAL-768x768.jpeg 768w, https:\/\/novagennix.com\/wp-content\/uploads\/2026\/04\/CACAO-ACTUAL-12x12.jpeg 12w\" sizes=\"(max-width: 1000px) 100vw, 1000px\" \/><\/span><\/figure><\/div>\n<\/div><\/div><\/div>\n\n\n\n<div class=\"wp-block-stackable-column stk-block-column stk-column stk-block stk-457cadc\" data-v=\"4\" data-block-id=\"457cadc\"><style>.stk-457cadc {align-self:center !important;}<\/style><div class=\"stk-column-wrapper stk-block-column__content stk-container stk-457cadc-container stk--no-background stk--no-padding\"><div class=\"stk-block-content stk-inner-blocks stk-457cadc-inner-blocks\">\n<div class=\"wp-block-stackable-heading stk-block-heading stk-block-heading--v2 stk-block stk-15ad4fd\" id=\"nova-cell-nrf-2-cacao\" data-block-id=\"15ad4fd\"><style>.stk-15ad4fd .stk-block-heading__text{color:#19016d !important;}<\/style><h2 class=\"stk-block-heading__text has-text-color\">NovaCell + NRF2 CACAO<\/h2><\/div>\n\n\n\n<div class=\"wp-block-columns is-layout-flex wp-container-core-columns-is-layout-28f84493 wp-block-columns-is-layout-flex\">\n<div class=\"wp-block-column is-layout-flow wp-block-column-is-layout-flow\">\n<p class=\"has-text-color has-background has-link-color wp-elements-e8f683bee5c40251500e8d0b1fbbf123\" style=\"border-style:none;border-width:0px;border-top-left-radius:100px;border-top-right-radius:100px;border-bottom-left-radius:100px;border-bottom-right-radius:100px;color:#764e32;background-color:#c5b8ae;padding-top:0;padding-bottom:0;font-size:12px\"><strong><strong><strong>Complete Cellular Support | CACAO<\/strong><\/strong><\/strong><\/p>\n<\/div>\n\n\n\n<div class=\"wp-block-column is-layout-flow wp-block-column-is-layout-flow\"><\/div>\n<\/div>\n\n\n\n<p><\/p>\n\n\n\n<h4 class=\"wp-block-heading has-text-color has-link-color wp-elements-5e00de0cf5554f9f0fe2163bd9254ce9\" style=\"color:#19016d\">\u201cIt\u2019s not just cocoa; it\u2019s the language your cells understand\u201d<\/h4>\n\n\n\n<div class=\"wp-block-stackable-text stk-block-text stk-block stk-146c879\" data-block-id=\"146c879\"><p class=\"stk-block-text__text\">NovaCell + NRF2 combines potent antioxidants, adaptogenic mushrooms, cellular superfoods, and essential micronutrients in an advanced formulation. Backed by Advanced Epigenetic and Nutrigenomic Technology, it is designed to activate cellular defense, protect DNA, optimize mitochondrial energy, and stimulate deep regeneration, promoting holistic well-being and longevity from within.<\/p><\/div>\n\n\n\n<h3 class=\"wp-block-heading has-text-color has-link-color wp-elements-1a809ece8bfaedcf470f620301b8c28c\" style=\"color:#19016d\">Benefits:<\/h3>\n\n\n\n<ul class=\"wp-block-list\">\n<li>Protects and regenerates cells against oxidative stress<\/li>\n\n\n\n<li>Promueve energ\u00eda mitocondrial y vitalidad celular<\/li>\n\n\n\n<li>Ayuda articulaciones, huesos, piel y sistema inmunol\u00f3gico<\/li>\n\n\n\n<li>Promotes longevity, holistic well-being, and internal balance<\/li>\n\n\n\n<li>Supports the response to physical and environmental stress<\/li>\n<\/ul>\n\n\n\n<h2 class=\"wp-block-heading has-text-color has-link-color wp-elements-f0cdd2de76a9652a9a1c89c58cce2f60\" style=\"color:#19016d\">USD$63.99<\/h2>\n\n\n\n<div class=\"wp-block-stackable-button-group stk-block-button-group stk-block stk-661c9ab\" data-block-id=\"661c9ab\"><div class=\"stk-row stk-inner-blocks stk-block-content stk-button-group\">\n<div class=\"wp-block-stackable-button stk-block-button stk-block stk-fab95d6\" data-block-id=\"fab95d6\"><a class=\"stk-link stk-button stk--hover-effect-darken\" href=\"https:\/\/logistica.novagennix.com:1031\/n\/iCommerce\/modules\/mod_nova_gennix\/login.jsp\"><span class=\"stk-button__inner-text\">Buy Now<\/span><\/a><\/div>\n\n\n\n<div class=\"wp-block-stackable-button stk-block-button stk-block stk-30d30e2\" data-block-id=\"30d30e2\"><style>.stk-30d30e2 .stk-button{background:#060699 !important;}<\/style><a class=\"stk-link stk-button stk--hover-effect-darken\" href=\"https:\/\/logistica.novagennix.com:1031\/n\/iCommerce\/modules\/mod_nova_gennix\/login.jsp\"><span class=\"stk-button__inner-text\">Join the NovaGennix Network<\/span><\/a><\/div>\n<\/div><\/div>\n<\/div><\/div><\/div>\n<\/div><\/div><\/div>\n\n\n\n<p class=\"has-text-align-center\">*These statements have not been evaluated by the Food and Drug Administration. These products are not intended to diagnose, treat, cure, or prevent any disease.<\/p>\n\n\n\n<div style=\"height:100px\" aria-hidden=\"true\" class=\"wp-block-spacer\"><\/div>","protected":false},"excerpt":{"rendered":"<p>NovaCell + NRF2 CACAO Complete Cellular Support | CACAO \u201cNo es solo cacao, es el lenguaje que tus c\u00e9lulas entienden\u00bb [&hellip;]<\/p>\n","protected":false},"author":1,"featured_media":0,"parent":0,"menu_order":0,"comment_status":"closed","ping_status":"closed","template":"","meta":{"_monsterinsights_skip_tracking":false,"_monsterinsights_sitenote_active":false,"_monsterinsights_sitenote_note":"","_monsterinsights_sitenote_category":0,"site-sidebar-layout":"default","site-content-layout":"","ast-site-content-layout":"default","site-content-style":"default","site-sidebar-style":"default","ast-global-header-display":"","ast-banner-title-visibility":"","ast-main-header-display":"","ast-hfb-above-header-display":"","ast-hfb-below-header-display":"","ast-hfb-mobile-header-display":"","site-post-title":"disabled","ast-breadcrumbs-content":"","ast-featured-img":"","footer-sml-layout":"","ast-disable-related-posts":"","theme-transparent-header-meta":"","adv-header-id-meta":"","stick-header-meta":"","header-above-stick-meta":"","header-main-stick-meta":"","header-below-stick-meta":"","astra-migrate-meta-layouts":"default","ast-page-background-enabled":"default","ast-page-background-meta":{"desktop":{"background-color":"var(--ast-global-color-5)","background-image":"","background-repeat":"repeat","background-position":"center center","background-size":"auto","background-attachment":"scroll","background-type":"","background-media":"","overlay-type":"","overlay-color":"","overlay-opacity":"","overlay-gradient":""},"tablet":{"background-color":"","background-image":"","background-repeat":"repeat","background-position":"center center","background-size":"auto","background-attachment":"scroll","background-type":"","background-media":"","overlay-type":"","overlay-color":"","overlay-opacity":"","overlay-gradient":""},"mobile":{"background-color":"","background-image":"","background-repeat":"repeat","background-position":"center center","background-size":"auto","background-attachment":"scroll","background-type":"","background-media":"","overlay-type":"","overlay-color":"","overlay-opacity":"","overlay-gradient":""}},"ast-content-background-meta":{"desktop":{"background-color":"var(--ast-global-color-4)","background-image":"","background-repeat":"repeat","background-position":"center center","background-size":"auto","background-attachment":"scroll","background-type":"","background-media":"","overlay-type":"","overlay-color":"","overlay-opacity":"","overlay-gradient":""},"tablet":{"background-color":"var(--ast-global-color-4)","background-image":"","background-repeat":"repeat","background-position":"center center","background-size":"auto","background-attachment":"scroll","background-type":"","background-media":"","overlay-type":"","overlay-color":"","overlay-opacity":"","overlay-gradient":""},"mobile":{"background-color":"var(--ast-global-color-4)","background-image":"","background-repeat":"repeat","background-position":"center center","background-size":"auto","background-attachment":"scroll","background-type":"","background-media":"","overlay-type":"","overlay-color":"","overlay-opacity":"","overlay-gradient":""}},"footnotes":""},"class_list":["post-230","page","type-page","status-publish","hentry"],"featured_image_urls_v2":{"full":"","thumbnail":"","medium":"","medium_large":"","large":"","1536x1536":"","2048x2048":"","trp-custom-language-flag":""},"post_excerpt_stackable_v2":"<p>NovaCell + NRF2 CACAO Complete Cellular Support | CACAO \u201cNo es solo cacao, es el lenguaje que tus c\u00e9lulas entienden\u00bb NovaCell + NRF2 combina antioxidantes potentes, hongos adapt\u00f3genos, superalimentos celulares y micronutrientes esenciales en una formulaci\u00f3n avanzada, respaldada por Tecnolog\u00eda Epigen\u00e9tica y Nutrigen\u00f3mica Avanzada, dise\u00f1ada para activar la defensa celular, proteger el ADN, optimizar la energ\u00eda mitocondrial y estimular la regeneraci\u00f3n profunda, promoviendo bienestar integral y longevidad desde el interior. Beneficios: Protege y regenera c\u00e9lulas frente al estr\u00e9s oxidativo Promueve energ\u00eda mitocondrial y vitalidad celular Ayuda articulaciones, huesos, piel y sistema inmunol\u00f3gico Promueve longevidad, bienestar integral y equilibrio interno Apoya&hellip;<\/p>\n","category_list_v2":"","author_info_v2":{"name":"pm3l6","url":"https:\/\/novagennix.com\/en\/author\/pm3l6\/"},"comments_num_v2":"0 comments","_links":{"self":[{"href":"https:\/\/novagennix.com\/en\/wp-json\/wp\/v2\/pages\/230","targetHints":{"allow":["GET"]}}],"collection":[{"href":"https:\/\/novagennix.com\/en\/wp-json\/wp\/v2\/pages"}],"about":[{"href":"https:\/\/novagennix.com\/en\/wp-json\/wp\/v2\/types\/page"}],"author":[{"embeddable":true,"href":"https:\/\/novagennix.com\/en\/wp-json\/wp\/v2\/users\/1"}],"replies":[{"embeddable":true,"href":"https:\/\/novagennix.com\/en\/wp-json\/wp\/v2\/comments?post=230"}],"version-history":[{"count":12,"href":"https:\/\/novagennix.com\/en\/wp-json\/wp\/v2\/pages\/230\/revisions"}],"predecessor-version":[{"id":560,"href":"https:\/\/novagennix.com\/en\/wp-json\/wp\/v2\/pages\/230\/revisions\/560"}],"wp:attachment":[{"href":"https:\/\/novagennix.com\/en\/wp-json\/wp\/v2\/media?parent=230"}],"curies":[{"name":"wp","href":"https:\/\/api.w.org\/{rel}","templated":true}]}}