{"id":159,"date":"2026-03-24T16:04:13","date_gmt":"2026-03-24T16:04:13","guid":{"rendered":"https:\/\/novagennix.com\/newpage\/?page_id=159"},"modified":"2026-04-20T15:35:08","modified_gmt":"2026-04-20T15:35:08","slug":"nuestra-historia","status":"publish","type":"page","link":"https:\/\/novagennix.com\/en\/nuestra-historia\/","title":{"rendered":"Our story"},"content":{"rendered":"<div class=\"wp-block-cover\"><span aria-hidden=\"true\" class=\"wp-block-cover__background has-ast-global-color-4-background-color has-background-dim-100 has-background-dim\"><\/span><div class=\"wp-block-cover__inner-container is-layout-constrained wp-block-cover-is-layout-constrained\">\n<h2 class=\"wp-block-heading has-text-align-center has-black-color has-text-color has-link-color has-x-large-font-size wp-elements-724f6e120fc80a1b49f81570dbbcf8d4\">Science, Consciousness, and Purpose<\/h2>\n\n\n\n<div class=\"wp-block-columns is-layout-flex wp-container-core-columns-is-layout-28f84493 wp-block-columns-is-layout-flex\">\n<div class=\"wp-block-column is-layout-flow wp-block-column-is-layout-flow\">\n<p>It all began with our story\u2026 a story that could be yours. Understanding that it\u2019s not just about existing, but about living with purpose and fulfillment. Three minds, three hearts, and a single dream came together with a clear objective: to create something truly extraordinary.<\/p>\n\n\n\n<p>From our different backgrounds\u2014the strategy of a businessman with a solid financial vision, the leadership of one who has guided teams in the world of entrepreneurship and multi-level marketing, and the sensitivity of a mind trained in integrative medicine and human development\u2014we discovered that we shared the same conviction: the deep need to help people live with health, purpose, and abundance.<\/p>\n\n\n\n<p>We have been on both sides. We know what it means to struggle to regain well-being, energy, and emotional stability while, at the same time, desiring a real, fair, and purposeful economic opportunity.<\/p>\n<\/div>\n\n\n\n<div class=\"wp-block-column is-layout-flow wp-block-column-is-layout-flow\">\n<p>That is why, more than building a brand, we decided to create a movement that honors these two essential dimensions of life. With vision, science, and heart, we shaped a philosophy where excellence is the starting point, integrating cutting-edge technology and biotechnology to create supplements capable of elevating one's standard of living.<\/p>\n\n\n\n<p>We understood that health without financial freedom is incomplete. Thus, NovaGennix was born: a space where innovation meets compassion, science meets consciousness, and opportunity meets purpose.<\/p>\n\n\n\n<p>We are a company created by people who believe in people. Because we know that when health and purpose meet, life is transformed.<\/p>\n<\/div>\n<\/div>\n\n\n\n<div class=\"wp-block-columns is-layout-flex wp-container-core-columns-is-layout-28f84493 wp-block-columns-is-layout-flex\">\n<div class=\"wp-block-column is-layout-flow wp-block-column-is-layout-flow\">\n<div class=\"wp-block-stackable-image stk-block-image stk-block stk-bc9d8ff\" data-block-id=\"bc9d8ff\"><style>.stk-bc9d8ff .stk-img-wrapper{width:612px !important;}<\/style><\/div>\n<\/div>\n<\/div>\n<\/div><\/div>\n\n\n\n<div class=\"wp-block-cover alignfull\" style=\"min-height:244px;aspect-ratio:unset;\"><span aria-hidden=\"true\" class=\"wp-block-cover__background has-ast-global-color-7-background-color has-background-dim-100 has-background-dim\"><\/span><div class=\"wp-block-cover__inner-container is-layout-constrained wp-block-cover-is-layout-constrained\">\n<p class=\"has-text-align-left has-ast-global-color-1-color has-text-color has-link-color has-medium-font-size wp-elements-4e18090d40fc6aef3ecf5bc5226be327\">NovaGennix<\/p>\n\n\n\n<div class=\"wp-block-columns is-layout-flex wp-container-core-columns-is-layout-28f84493 wp-block-columns-is-layout-flex\">\n<div class=\"wp-block-column is-layout-flow wp-block-column-is-layout-flow\">\n<p>Designed for your integral balance with precision nutrition and expertise.<\/p>\n<\/div>\n\n\n\n<div class=\"wp-block-column is-layout-flow wp-block-column-is-layout-flow\">\n<div class=\"wp-block-buttons is-content-justification-right is-layout-flex wp-container-core-buttons-is-layout-d445cf74 wp-block-buttons-is-layout-flex\">\n<div class=\"wp-block-button\"><a class=\"wp-block-button__link wp-element-button\" href=\"https:\/\/novagennix.com\/en\/newpage\/contacto\/\">Sign Up Now<\/a><\/div>\n<\/div>\n<\/div>\n<\/div>\n<\/div><\/div>\n\n\n\n<p><\/p>","protected":false},"excerpt":{"rendered":"","protected":false},"author":1,"featured_media":0,"parent":0,"menu_order":0,"comment_status":"closed","ping_status":"closed","template":"","meta":{"_monsterinsights_skip_tracking":false,"_monsterinsights_sitenote_active":false,"_monsterinsights_sitenote_note":"","_monsterinsights_sitenote_category":0,"site-sidebar-layout":"default","site-content-layout":"","ast-site-content-layout":"default","site-content-style":"default","site-sidebar-style":"default","ast-global-header-display":"","ast-banner-title-visibility":"","ast-main-header-display":"","ast-hfb-above-header-display":"","ast-hfb-below-header-display":"","ast-hfb-mobile-header-display":"","site-post-title":"disabled","ast-breadcrumbs-content":"","ast-featured-img":"","footer-sml-layout":"","ast-disable-related-posts":"","theme-transparent-header-meta":"","adv-header-id-meta":"","stick-header-meta":"","header-above-stick-meta":"","header-main-stick-meta":"","header-below-stick-meta":"","astra-migrate-meta-layouts":"default","ast-page-background-enabled":"default","ast-page-background-meta":{"desktop":{"background-color":"var(--ast-global-color-5)","background-image":"","background-repeat":"repeat","background-position":"center center","background-size":"auto","background-attachment":"scroll","background-type":"","background-media":"","overlay-type":"","overlay-color":"","overlay-opacity":"","overlay-gradient":""},"tablet":{"background-color":"","background-image":"","background-repeat":"repeat","background-position":"center center","background-size":"auto","background-attachment":"scroll","background-type":"","background-media":"","overlay-type":"","overlay-color":"","overlay-opacity":"","overlay-gradient":""},"mobile":{"background-color":"","background-image":"","background-repeat":"repeat","background-position":"center center","background-size":"auto","background-attachment":"scroll","background-type":"","background-media":"","overlay-type":"","overlay-color":"","overlay-opacity":"","overlay-gradient":""}},"ast-content-background-meta":{"desktop":{"background-color":"var(--ast-global-color-4)","background-image":"","background-repeat":"repeat","background-position":"center center","background-size":"auto","background-attachment":"scroll","background-type":"","background-media":"","overlay-type":"","overlay-color":"","overlay-opacity":"","overlay-gradient":""},"tablet":{"background-color":"var(--ast-global-color-4)","background-image":"","background-repeat":"repeat","background-position":"center center","background-size":"auto","background-attachment":"scroll","background-type":"","background-media":"","overlay-type":"","overlay-color":"","overlay-opacity":"","overlay-gradient":""},"mobile":{"background-color":"var(--ast-global-color-4)","background-image":"","background-repeat":"repeat","background-position":"center center","background-size":"auto","background-attachment":"scroll","background-type":"","background-media":"","overlay-type":"","overlay-color":"","overlay-opacity":"","overlay-gradient":""}},"footnotes":""},"class_list":["post-159","page","type-page","status-publish","hentry"],"featured_image_urls_v2":{"full":"","thumbnail":"","medium":"","medium_large":"","large":"","1536x1536":"","2048x2048":"","trp-custom-language-flag":""},"post_excerpt_stackable_v2":"<p>Ciencia, Conciencia y Prop\u00f3sito Todo comenz\u00f3 con nuestra historia\u2026 una historia que podr\u00eda ser la tuya. Entender que no se trata solo de existir, sino de vivir con prop\u00f3sito y plenitud. Tres mentes, tres corazones y un mismo sue\u00f1o se unieron con un prop\u00f3sito claro: crear algo verdaderamente extraordinario. Desde nuestras diferentes trayectorias \u2014la estrategia de un empresario con una visi\u00f3n financiera s\u00f3lida, el liderazgo de quien ha guiado equipos en el mundo del emprendimiento y el multinivel, y la sensibilidad de una mente formada en medicina integrativa y desarrollo humano\u2014 descubrimos que compart\u00edamos la misma convicci\u00f3n: la profunda necesidad&hellip;<\/p>\n","category_list_v2":"","author_info_v2":{"name":"pm3l6","url":"https:\/\/novagennix.com\/en\/author\/pm3l6\/"},"comments_num_v2":"0 comments","_links":{"self":[{"href":"https:\/\/novagennix.com\/en\/wp-json\/wp\/v2\/pages\/159","targetHints":{"allow":["GET"]}}],"collection":[{"href":"https:\/\/novagennix.com\/en\/wp-json\/wp\/v2\/pages"}],"about":[{"href":"https:\/\/novagennix.com\/en\/wp-json\/wp\/v2\/types\/page"}],"author":[{"embeddable":true,"href":"https:\/\/novagennix.com\/en\/wp-json\/wp\/v2\/users\/1"}],"replies":[{"embeddable":true,"href":"https:\/\/novagennix.com\/en\/wp-json\/wp\/v2\/comments?post=159"}],"version-history":[{"count":4,"href":"https:\/\/novagennix.com\/en\/wp-json\/wp\/v2\/pages\/159\/revisions"}],"predecessor-version":[{"id":556,"href":"https:\/\/novagennix.com\/en\/wp-json\/wp\/v2\/pages\/159\/revisions\/556"}],"wp:attachment":[{"href":"https:\/\/novagennix.com\/en\/wp-json\/wp\/v2\/media?parent=159"}],"curies":[{"name":"wp","href":"https:\/\/api.w.org\/{rel}","templated":true}]}}